{"id":832,"date":"2025-09-03T11:39:19","date_gmt":"2025-09-03T11:39:19","guid":{"rendered":"https:\/\/bestlifemorocco.com\/a-propos\/"},"modified":"2026-03-10T15:41:21","modified_gmt":"2026-03-10T15:41:21","slug":"a-propos","status":"publish","type":"page","link":"https:\/\/bestlifemorocco.com\/fr\/a-propos\/","title":{"rendered":"\u00c0 propos"},"content":{"rendered":"<div class=\"wpb-content-wrapper\"><p>[vc_row fixed_width=\u00a0\u00bbtrue\u00a0\u00bb css=\u00a0\u00bb.vc_custom_1627562291998{margin-top: 0px !important;margin-bottom: 0px !important;border-top-width: 0px !important;border-bottom-width: 0px !important;padding-top: 10px !important;padding-bottom: 0px !important;}\u00a0\u00bb][vc_column css=\u00a0\u00bb.vc_custom_1627562322556{margin-top: 0px !important;margin-bottom: 0px !important;border-top-width: 0px !important;border-bottom-width: 0px !important;padding-top: 0px !important;padding-bottom: 0px !important;}\u00a0\u00bb]<div class=\"sohohotel-fixed-height-text-image-wrapper sohohotel-clearfix\"><div class=\"sohohotel-fixed-height-text-wrapper sohohotel-fixed-height-text-wrapper-left\"><h3 class=\"sohohotel-title-28px sohohotel-clearfix sohohotel-title-left\">\u00c0 propos des Riads Best Life Morocco<\/h3><\/p>\n<p data-start=\"0\" data-end=\"304\">Best Life Morocco r\u00e9unit trois riads authentiques, s\u00e9lectionn\u00e9s pour leur confort, leur caract\u00e8re et leur facilit\u00e9. Nous marions le design marocain artisanal avec les d\u00e9tails pratiques qui simplifient le voyage, des arriv\u00e9es fluides \u00e0 un service attentionn\u00e9 et chaleureux tout au long de votre s\u00e9jour.<\/p>\n<p data-start=\"306\" data-end=\"546\">Notre \u00e9quipe privil\u00e9gie les espaces sereins, un sommeil r\u00e9parateur et des attentions d\u00e9licates qui semblent naturelles plut\u00f4t que mises en sc\u00e8ne. Que vous soyez ici pour explorer, vous reposer, ou un peu des deux, nous visons un s\u00e9jour qui se veut sans h\u00e2te, accueillant et authentiquement marrakchi.<\/p>\n<p><\/div><div class=\"sohohotel-fixed-height-image-wrapper sohohotel-fixed-height-image-wrapper-right\"><div class=\"sohohotel-fixed-height-image\" style=\"background-image: url(https:\/\/bestlifemorocco.com\/wp-content\/uploads\/2025\/09\/63454471.jpg); background-size: 600px 400px; height: 400px;\"><\/div><\/div><\/div><div class=\"sohohotel-fixed-height-text-image-wrapper sohohotel-clearfix\"><div class=\"sohohotel-fixed-height-text-wrapper sohohotel-fixed-height-text-wrapper-right\"><h3 class=\"sohohotel-title-28px sohohotel-clearfix sohohotel-title-left\">Patrimoine de la M\u00e9dina : Riad Lorsya &amp; Riad Dar Zaya<\/h3><\/p>\n<p data-start=\"553\" data-end=\"869\">Dans le quartier de Mouassine, nos riads de la m\u00e9dina vous placent \u00e0 quelques pas des souks et de la place Jemaa el-Fna, tout en vous offrant des cours int\u00e9rieures calmes pour vous ressourcer. Attendez-vous \u00e0 des piscines intimes, des coins sur le toit pour le lever ou le coucher du soleil, et des chambres qui allient tradition et confort moderne.<\/p>\n<p data-start=\"871\" data-end=\"1074\">Sortez pour d\u00e9couvrir les sites et la gastronomie, revenez pour le th\u00e9 sur la terrasse, et dormez \u00e0 proximit\u00e9 de tout sans la pr\u00e9cipitation. C\u2019est une mani\u00e8re simple de d\u00e9couvrir le vieux Marrakech \u2014 vibrant \u00e0 votre porte, serein une fois \u00e0 l\u2019int\u00e9rieur.<\/p>\n<p><\/div><div class=\"sohohotel-fixed-height-image-wrapper sohohotel-fixed-height-image-wrapper-left\"><div class=\"sohohotel-fixed-height-image\" style=\"background-image: url(https:\/\/bestlifemorocco.com\/wp-content\/uploads\/2025\/09\/36569686.jpg); background-size: 600px 400px; height: 400px;\"><\/div><\/div><\/div><div class=\"sohohotel-fixed-height-text-image-wrapper sohohotel-clearfix\"><div class=\"sohohotel-fixed-height-text-wrapper sohohotel-fixed-height-text-wrapper-left\"><h3 class=\"sohohotel-title-28px sohohotel-clearfix sohohotel-title-left\">Campagne de l\u2019Atlas : Dar Mardan<\/h3><\/p>\n<p data-start=\"1081\" data-end=\"1353\">Sur la route de la vall\u00e9e de l\u2019Ourika, Dar Mardan s\u2019ouvre sur des jardins, une piscine ext\u00e9rieure et de vastes vues sur l\u2019Atlas. Les matins sont doux, les apr\u00e8s-midis s\u2019\u00e9tirent au bord de l\u2019eau, et les soir\u00e9es se penchent vers des ciels clairs et des repas sans h\u00e2te.<\/p>\n<p data-start=\"1355\" data-end=\"1553\">Ici, le temps s\u2019\u00e9coule diff\u00e9remment : lisez pr\u00e8s de la chemin\u00e9e, essayez le hammam, ou planifiez une journ\u00e9e dans la vall\u00e9e avant de retrouver le calme. C\u2019est le compl\u00e9ment de la m\u00e9dina \u2014 espace, lumi\u00e8re et un rythme plus doux.<\/p>\n<p><\/div><div class=\"sohohotel-fixed-height-image-wrapper sohohotel-fixed-height-image-wrapper-right\"><div class=\"sohohotel-fixed-height-image\" style=\"background-image: url(https:\/\/bestlifemorocco.com\/wp-content\/uploads\/2025\/09\/694590310.jpg); background-size: 600px 400px; height: 400px;\"><\/div><\/div><\/div>[\/vc_column][\/vc_row][vc_row css=\u00a0\u00bb.vc_custom_1627553435640{margin-top: 0px !important;margin-right: 0px !important;margin-bottom: 45px !important;margin-left: 0px !important;border-top-width: 0px !important;border-right-width: 0px !important;border-bottom-width: 0px !important;border-left-width: 0px !important;padding-top: 0px !important;padding-right: 0px !important;padding-bottom: 0px !important;padding-left: 0px !important;}\u00a0\u00bb][vc_column css=\u00a0\u00bb.vc_custom_1627553414681{margin-top: 0px !important;margin-right: 0px !important;margin-bottom: 0px !important;margin-left: 0px !important;border-top-width: 0px !important;border-right-width: 0px !important;border-bottom-width: 0px !important;border-left-width: 0px !important;padding-top: 0px !important;padding-right: 0px !important;padding-bottom: 0px !important;padding-left: 0px !important;}\u00a0\u00bb][vc_separator color=\u00a0\u00bbcustom\u00a0\u00bb accent_color=\u00a0\u00bb#dedede\u00a0\u00bb][\/vc_column][\/vc_row][vc_row css=\u00a0\u00bb.vc_custom_1627562303197{margin-top: 0px !important;margin-bottom: 10px !important;border-top-width: 0px !important;border-bottom-width: 0px !important;padding-top: 0px !important;padding-bottom: 0px !important;}\u00a0\u00bb][vc_column css=\u00a0\u00bb.vc_custom_1627562333686{margin-top: 0px !important;margin-bottom: 0px !important;border-top-width: 0px !important;border-bottom-width: 0px !important;padding-top: 0px !important;padding-bottom: 0px !important;}\u00a0\u00bb]<h3 class=\"sohohotel-title-28px sohohotel-clearfix sohohotel-title-center\">\u00c9quipements de l\u2019h\u00f4tel<\/h3>[vc_empty_space height=\u00a0\u00bb20px\u00a0\u00bb]<section class=\"sohohotel-icon-text-wrapper-1 sohohotel-clearfix\"><div class=\"sohohotel-icon-text-block sohohotel-clearfix\">\n\t\t<div class=\"sohohotel-icon\"><i class=\"fas fa-spa\"><\/i><\/div>\n\t\t<div class=\"sohohotel-text\">\n\t\t\t<h4>Traditional Hammam<\/h4>\n\t\t\t<p>Experience authentic Moroccan wellness in our hammam, blending centuries-old traditions with soothing treatments for body and mind.<\/p>\n\t\t<\/div>\n\t\t<\/div><div class=\"sohohotel-icon-text-block sohohotel-clearfix\">\n\t\t<div class=\"sohohotel-icon\"><i class=\"fas fa-swimming-pool\"><\/i><\/div>\n\t\t<div class=\"sohohotel-text\">\n\t\t\t<h4>Swimming Pool<\/h4>\n\t\t\t<p>Relax by our pools and courtyards, where traditional Moroccan charm meets the comfort of modern design for a truly peaceful escape.<\/p>\n\t\t<\/div>\n\t\t<\/div><div class=\"sohohotel-icon-text-block sohohotel-clearfix\">\n\t\t<div class=\"sohohotel-icon\"><i class=\"fas fa-umbrella-beach\"><\/i><\/div>\n\t\t<div class=\"sohohotel-text\">\n\t\t\t<h4>Rooftop Terraces<\/h4>\n\t\t\t<p>Enjoy breathtaking rooftop terraces with sweeping views over the medina and Atlas mountains, perfect for sunrise or sunset moments.<\/p>\n\t\t<\/div>\n\t\t<\/div><div class=\"sohohotel-icon-text-block sohohotel-clearfix\">\n\t\t<div class=\"sohohotel-icon\"><i class=\"fas fa-map-marked-alt\"><\/i><\/div>\n\t\t<div class=\"sohohotel-text\">\n\t\t\t<h4>Medina &amp; Countryside Locations<\/h4>\n\t\t\t<p>Choose between vibrant medina living or serene countryside stays, each riad offering unique settings to match every traveler\u2019s dream.<\/p>\n\t\t<\/div>\n\t\t<\/div><\/section>[\/vc_column][\/vc_row]<\/p>\n<\/div>","protected":false},"excerpt":{"rendered":"<p>[vc_row fixed_width=\u00a0\u00bbtrue\u00a0\u00bb css=\u00a0\u00bb.vc_custom_1627562291998{margin-top: 0px !important;margin-bottom: 0px !important;border-top-width: 0px !important;border-bottom-width: 0px !important;padding-top: 10px !important;padding-bottom: 0px !important;}\u00a0\u00bb][vc_column css=\u00a0\u00bb.vc_custom_1627562322556{margin-top: 0px !important;margin-bottom: 0px !important;border-top-width: 0px !important;border-bottom-width: 0px !important;padding-top: 0px !important;padding-bottom: 0px !important;}\u00a0\u00bb][\/vc_column][\/vc_row][vc_row css=\u00a0\u00bb.vc_custom_1627553435640{margin-top: 0px !important;margin-right: 0px !important;margin-bottom: 45px !important;margin-left: 0px !important;border-top-width: 0px !important;border-right-width: 0px !important;border-bottom-width: 0px !important;border-left-width: 0px !important;padding-top: 0px !important;padding-right: 0px !important;padding-bottom: 0px !important;padding-left: 0px !important;}\u00a0\u00bb][vc_column css=\u00a0\u00bb.vc_custom_1627553414681{margin-top: 0px<\/p>\n<a href=\"https:\/\/bestlifemorocco.com\/fr\/a-propos\/\" class=\"sohohotel-more-link\">En savoir plus<\/a>","protected":false},"author":1,"featured_media":828,"parent":0,"menu_order":0,"comment_status":"closed","ping_status":"closed","template":"","meta":{"footnotes":""},"class_list":["post-832","page","type-page","status-publish","has-post-thumbnail","hentry"],"aioseo_notices":[],"_links":{"self":[{"href":"https:\/\/bestlifemorocco.com\/fr\/wp-json\/wp\/v2\/pages\/832","targetHints":{"allow":["GET"]}}],"collection":[{"href":"https:\/\/bestlifemorocco.com\/fr\/wp-json\/wp\/v2\/pages"}],"about":[{"href":"https:\/\/bestlifemorocco.com\/fr\/wp-json\/wp\/v2\/types\/page"}],"author":[{"embeddable":true,"href":"https:\/\/bestlifemorocco.com\/fr\/wp-json\/wp\/v2\/users\/1"}],"replies":[{"embeddable":true,"href":"https:\/\/bestlifemorocco.com\/fr\/wp-json\/wp\/v2\/comments?post=832"}],"version-history":[{"count":3,"href":"https:\/\/bestlifemorocco.com\/fr\/wp-json\/wp\/v2\/pages\/832\/revisions"}],"predecessor-version":[{"id":838,"href":"https:\/\/bestlifemorocco.com\/fr\/wp-json\/wp\/v2\/pages\/832\/revisions\/838"}],"wp:featuredmedia":[{"embeddable":true,"href":"https:\/\/bestlifemorocco.com\/fr\/wp-json\/wp\/v2\/media\/828"}],"wp:attachment":[{"href":"https:\/\/bestlifemorocco.com\/fr\/wp-json\/wp\/v2\/media?parent=832"}],"curies":[{"name":"wp","href":"https:\/\/api.w.org\/{rel}","templated":true}]}}