{"id":827,"date":"2025-09-03T11:39:19","date_gmt":"2025-09-03T11:39:19","guid":{"rendered":"https:\/\/bestlifemorocco.com\/nos-riads\/"},"modified":"2026-03-11T16:33:13","modified_gmt":"2026-03-11T16:33:13","slug":"nos-riads","status":"publish","type":"page","link":"https:\/\/bestlifemorocco.com\/fr\/nos-riads\/","title":{"rendered":"Nos Riads"},"content":{"rendered":"<div class=\"wpb-content-wrapper\"><p>[vc_row][vc_column]<section class=\"sohohotel-hotel-listing-wrapper sohohotel-hotel-listing-wrapper-3 sohohotel-clearfix\"><div class=\"sohohotel-hotel-listing\"><a href=\"https:\/\/bestlifemorocco.com\/fr\/dar-zaya\/\"><img decoding=\"async\" src=\"https:\/\/bestlifemorocco.com\/wp-content\/uploads\/2025\/09\/694590310.jpg\" alt=\"\" \/><\/a><h3><a href=\"https:\/\/bestlifemorocco.com\/fr\/dar-zaya\/\">Riad Dar Zaya<\/a><\/h3><\/div><div class=\"sohohotel-hotel-listing\"><a href=\"https:\/\/bestlifemorocco.com\/fr\/dar-mardan\/\"><img decoding=\"async\" src=\"https:\/\/bestlifemorocco.com\/wp-content\/uploads\/2025\/09\/166097891-e1757087400620.jpg\" alt=\"\" \/><\/a><h3><a href=\"https:\/\/bestlifemorocco.com\/fr\/dar-mardan\/\">Riad Dar Mardan<\/a><\/h3><\/div><div class=\"sohohotel-hotel-listing\"><a href=\"https:\/\/bestlifemorocco.com\/fr\/riad-lorsya\/\"><img decoding=\"async\" src=\"https:\/\/bestlifemorocco.com\/wp-content\/uploads\/2025\/09\/63454471.jpg\" alt=\"\" \/><\/a><h3><a href=\"https:\/\/bestlifemorocco.com\/fr\/riad-lorsya\/\">Riad Lorsya<\/a><\/h3><\/div><\/section><h3 class=\"sohohotel-title-35px sohohotel-clearfix sohohotel-title-left\">FAQ<\/h3>[\/vc_column][\/vc_row][vc_row][vc_column][vc_empty_space height=\u00a0\u00bb20px\u00a0\u00bb][vc_toggle title=\u00a0\u00bbQu\u2019est-ce qui rend les riads de Best Life Morocco uniques par rapport aux autres \u00e0 Marrakech ?\u00a0\u00bb css=\u00a0\u00bb\u00a0\u00bb]Qu\u2019est-ce qui rend les riads de Best Life Morocco uniques par rapport aux autres \u00e0 Marrakech ?[\/vc_toggle][vc_toggle title=\u00a0\u00bbLes riads sont-ils proches des attractions populaires de Marrakech ?\u00a0\u00bb css=\u00a0\u00bb\u00a0\u00bb]Oui. Le Riad Lorsya et le Riad Dar Zaya sont tous deux situ\u00e9s \u00e0 Mouassine, \u00e0 seulement quelques minutes \u00e0 pied de la place Jemaa el-Fna et des souks. Dar Mardan est situ\u00e9 \u00e0 20 minutes de la M\u00e9dina, sur la route de la vall\u00e9e de l\u2019Ourika.[\/vc_toggle][vc_toggle title=\u00a0\u00bbLes riads disposent-ils de piscines ?\u00a0\u00bb css=\u00a0\u00bb\u00a0\u00bb]Oui. Le Riad Lorsya et le Riad Dar Zaya disposent de piscines int\u00e9rieures intimistes dans leurs patios, tandis que Dar Mardan propose une grande piscine ext\u00e9rieure avec une vue imprenable sur les montagnes de l\u2019Atlas.[\/vc_toggle][vc_toggle title=\u00a0\u00bbPuis-je r\u00e9server les trois riads ensemble pour un s\u00e9jour de groupe ?\u00a0\u00bb css=\u00a0\u00bb\u00a0\u00bb]Absolument. Pour les familles, les mariages ou les \u00e9v\u00e9nements priv\u00e9s, vous pouvez r\u00e9server plusieurs chambres ou des riads entiers au sein de notre collection. Contactez-nous pour des offres de groupe sur mesure.[\/vc_toggle][\/vc_column][\/vc_row][vc_row][vc_column][vc_toggle title=\u00a0\u00bbLe transport est-il assur\u00e9 de l\u2019a\u00e9roport aux riads ?\u00a0\u00bb css=\u00a0\u00bb\u00a0\u00bb]Oui. Nous pouvons organiser des transferts priv\u00e9s depuis l\u2019a\u00e9roport vers n\u2019importe lequel de nos riads. Il vous suffit de nous communiquer les d\u00e9tails de votre arriv\u00e9e lors de la r\u00e9servation.[\/vc_toggle][\/vc_column][\/vc_row]<\/p>\n<\/div>","protected":false},"excerpt":{"rendered":"<p>[vc_row][vc_column][\/vc_column][\/vc_row][vc_row][vc_column][vc_empty_space height=\u00a0\u00bb20px\u00a0\u00bb][vc_toggle title=\u00a0\u00bbQu\u2019est-ce qui rend les riads de Best Life Morocco uniques par rapport aux autres \u00e0 Marrakech ?\u00a0\u00bb css=\u00a0\u00bb\u00a0\u00bb]Qu\u2019est-ce qui rend les riads de Best Life Morocco uniques par rapport aux autres \u00e0 Marrakech ?[\/vc_toggle][vc_toggle title=\u00a0\u00bbLes riads sont-ils proches des attractions populaires de Marrakech ?\u00a0\u00bb css=\u00a0\u00bb\u00a0\u00bb]Oui. Le Riad Lorsya et le Riad Dar Zaya<\/p>\n<a href=\"https:\/\/bestlifemorocco.com\/fr\/nos-riads\/\" class=\"sohohotel-more-link\">En savoir plus<\/a>","protected":false},"author":1,"featured_media":828,"parent":0,"menu_order":0,"comment_status":"closed","ping_status":"closed","template":"","meta":{"footnotes":""},"class_list":["post-827","page","type-page","status-publish","has-post-thumbnail","hentry"],"aioseo_notices":[],"_links":{"self":[{"href":"https:\/\/bestlifemorocco.com\/fr\/wp-json\/wp\/v2\/pages\/827","targetHints":{"allow":["GET"]}}],"collection":[{"href":"https:\/\/bestlifemorocco.com\/fr\/wp-json\/wp\/v2\/pages"}],"about":[{"href":"https:\/\/bestlifemorocco.com\/fr\/wp-json\/wp\/v2\/types\/page"}],"author":[{"embeddable":true,"href":"https:\/\/bestlifemorocco.com\/fr\/wp-json\/wp\/v2\/users\/1"}],"replies":[{"embeddable":true,"href":"https:\/\/bestlifemorocco.com\/fr\/wp-json\/wp\/v2\/comments?post=827"}],"version-history":[{"count":6,"href":"https:\/\/bestlifemorocco.com\/fr\/wp-json\/wp\/v2\/pages\/827\/revisions"}],"predecessor-version":[{"id":851,"href":"https:\/\/bestlifemorocco.com\/fr\/wp-json\/wp\/v2\/pages\/827\/revisions\/851"}],"wp:featuredmedia":[{"embeddable":true,"href":"https:\/\/bestlifemorocco.com\/fr\/wp-json\/wp\/v2\/media\/828"}],"wp:attachment":[{"href":"https:\/\/bestlifemorocco.com\/fr\/wp-json\/wp\/v2\/media?parent=827"}],"curies":[{"name":"wp","href":"https:\/\/api.w.org\/{rel}","templated":true}]}}