{"id":811,"date":"2025-09-05T16:04:26","date_gmt":"2025-09-05T16:04:26","guid":{"rendered":"https:\/\/bestlifemorocco.com\/dar-mardan\/"},"modified":"2026-03-11T17:06:47","modified_gmt":"2026-03-11T17:06:47","slug":"dar-mardan","status":"publish","type":"page","link":"https:\/\/bestlifemorocco.com\/fr\/dar-mardan\/","title":{"rendered":"Dar Mardan"},"content":{"rendered":"<div class=\"wpb-content-wrapper\"><p>[vc_row][vc_column width=\u00a0\u00bb1\/2&Prime;][vc_single_image image=\u00a0\u00bb812&Prime; img_size=\u00a0\u00bbfull\u00a0\u00bb css=\u00a0\u00bb\u00a0\u00bb][\/vc_column][vc_column width=\u00a0\u00bb1\/2&Prime;]<h3 class=\"sohohotel-title-25px sohohotel-clearfix sohohotel-title-left\">Dar Mardan \u2013 \u00c9l\u00e9gance et s\u00e9r\u00e9nit\u00e9 dans la campagne de l\u2019Ourika<\/h3>[vc_column_text css=\u00a0\u00bb\u00a0\u00bb]Dar Mardan est une v\u00e9ritable oasis de tranquillit\u00e9 situ\u00e9e dans la campagne de l&rsquo;Ourika, juste \u00e0 l&rsquo;ext\u00e9rieur de Marrakech. M\u00ealant architecture arabo-andalouse et touches contemporaines, cette maison d&rsquo;h\u00f4tes se distingue par ses jardins luxuriants, ses d\u00e9tails raffin\u00e9s et son atmosph\u00e8re sereine. Loin de l&rsquo;agitation de la M\u00e9dina, Dar Mardan offre un cadre intime et accueillant, id\u00e9al pour se ressourcer tout en restant \u00e0 proximit\u00e9 de Marrakech et de ses principaux sites culturels.[\/vc_column_text]<a href=\"https:\/\/direct-book.com\/properties\/darmardan2\" class=\"sohohotel-button1\" style=\"background: #B6774D;color:#FFFFFF;margin: 0;\">R\u00e9server maintenant<\/a><div class=\"sohohotel-clearboth\"><\/div>[\/vc_column][\/vc_row][vc_row css=\u00a0\u00bb.vc_custom_1757807855653{margin-top: 0px !important;margin-right: 0px !important;margin-bottom: 45px !important;margin-left: 0px !important;border-top-width: 0px !important;border-right-width: 0px !important;border-bottom-width: 0px !important;border-left-width: 0px !important;padding-top: 0px !important;padding-right: 0px !important;padding-bottom: 0px !important;padding-left: 0px !important;}\u00a0\u00bb el_id=\u00a0\u00bbr\u00e9servation-mardan\u00a0\u00bb][vc_column css=\u00a0\u00bb.vc_custom_1627553414681{margin-top: 0px !important;margin-right: 0px !important;margin-bottom: 0px !important;margin-left: 0px !important;border-top-width: 0px !important;border-right-width: 0px !important;border-bottom-width: 0px !important;border-left-width: 0px !important;padding-top: 0px !important;padding-right: 0px !important;padding-bottom: 0px !important;padding-left: 0px !important;}\u00a0\u00bb][vc_separator color=\u00a0\u00bbcustom\u00a0\u00bb accent_color=\u00a0\u00bb#dedede\u00a0\u00bb]\t\t\n\t\t\t\t\n\t\t\t<!-- BEGIN .shb-accommodation-listing-filter-sorting -->\n\t\t\t<div class=\"shb-accommodation-listing-filter-sorting shb-clearfix\">\n\t\t\t\n\t\t\t\t\t\t\t\n\t\t\t\t<div class=\"shb-accommodation-listing-filter shb-clearfix\">\n\t\t\t\t\t<p>Filtrer par:<\/p>\n\t\t\t\t\t<ul>\n\t\t\t\t\t\t<li class=\"shb-filter-current\"><a href=\"https:\/\/bestlifemorocco.com\/fr\/wp-json\/wp\/v2\/pages\/811\/?shb-orderby=2\">Toute<\/a><\/li><li class=\"\"><a href=\"https:\/\/bestlifemorocco.com\/fr\/wp-json\/wp\/v2\/pages\/811\/?shb-orderby=2&shb-accommodation-type=rooms\">Rooms<\/a><\/li><li class=\"\"><a href=\"https:\/\/bestlifemorocco.com\/fr\/wp-json\/wp\/v2\/pages\/811\/?shb-orderby=2&shb-accommodation-type=suites\">Suites<\/a><\/li>\t\t\t\t\t<\/ul>\n\t\t\t\t<\/div>\n\t\t\t\n\t\t\t\t\t\t\t\n\t\t\t\t\t\t\t\n\t\t\t\t<div class=\"shb-accommodation-listing-sorting shb-clearfix\">\n\t\t\t\t\t<select>\n\t\t\t\t\t\t<option value=\"https:\/\/bestlifemorocco.com\/fr\/wp-json\/wp\/v2\/pages\/811\/?shb-accommodation-type=0\" selected>Tri par d\u00e9faut<\/option><option value=\"https:\/\/bestlifemorocco.com\/fr\/wp-json\/wp\/v2\/pages\/811\/?shb-accommodation-type=0&shb-orderby=1\" >Prix \u200b\u200bcroissant<\/option><option value=\"https:\/\/bestlifemorocco.com\/fr\/wp-json\/wp\/v2\/pages\/811\/?shb-accommodation-type=0&shb-orderby=2\" >Prix d\u00e9croissant<\/option>\t\t\t\t\t<\/select>\n\t\t\t\t\t<i class=\"fas fa-chevron-down\"><\/i>\n\t\t\t\t<\/div>\n\t\t\t\n\t\t\t\t\t\n\t\t\t<!-- END .shb-accommodation-listing-filter-sorting -->\n\t\t\t<\/div>\n\t\t\n\t\t\t\t\n\t\t<!-- BEGIN .shb-accommodation-listing-style-2 -->\n\t\t<div class=\"shb-accommodation-listing-style-2 shb-accommodation-listing-style-2-columns-3\">\n\t\t\t\n\t\t\t\t\n\t\t\t<!-- BEGIN .shb-accommodation-listing-item -->\n\t\t\t<div class=\"shb-accommodation-listing-item\">\n\t\t\t\t\n\t\t\t\t<div class=\"shb-accommodation-listing-image\">\n\t\t\t\t\t\n\t\t\t\t\t<a href=\"https:\/\/bestlifemorocco.com\/fr\/double-room-disability-access\/\" rel=\"bookmark\" class=\"shb-accommodation-listing-button1\">From 869MAD \/ Night<\/a>\n\t\t\t\t\t\n\t\t\t\t\t\t\t\t\t\t\t\t\t\t\t<a href=\"https:\/\/bestlifemorocco.com\/fr\/double-room-disability-access\/\" rel=\"bookmark\">\n\t\t\t\t\t\t<img decoding=\"async\" src=\"https:\/\/bestlifemorocco.com\/wp-content\/uploads\/2025\/09\/DSC_1209-HDR-1180x710.jpg\" alt=\"Double Room &#8211; Disability Access\" \/>\t\t\t\t\t<\/a>\n\t\t\t\t\t\t\t\t\t\t\n\t\t\t\t<\/div>\n\t\t\t\t\n\t\t\t\t<div class=\"shb-accommodation-listing-description-wrapper\">\n\t\t\t\t\n\t\t\t\t\t<h3><a href=\"https:\/\/bestlifemorocco.com\/fr\/double-room-disability-access\/\" rel=\"bookmark\" title=\"Double Room &#8211; Disability Access\">Double Room &#8211; Disability Access<\/a><\/h3>\n\t\t\t\t\n\t\t\t\t\t<div class=\"shb-accommodation-listing-description shb-clearfix\">\n\t\t\t\t\t\n\t\t\t\t\t\t<ul>\r\n<li><i class=\"fas fa-user\"><\/i><span>Capacity:<\/span> 2 Adults<\/li>\r\n<li><i class=\"fas fa-ruler-combined\"><\/i><span>Size:<\/span> 35sqm<\/li>\r\n<li><i class=\"fas fa-binoculars\"><\/i><span>View:<\/span> Garden<\/li>\r\n<\/ul>\t\t\t\t\t\n\t\t\t\t\t<\/div>\n\t\t\t\t\n\t\t\t\t<\/div>\n\t\t\t\t\n\t\t\t<!-- END .shb-accommodation-listing-item -->\n\t\t\t<\/div>\n\t\t\n\t\t\t\t\n\t\t\t<!-- BEGIN .shb-accommodation-listing-item -->\n\t\t\t<div class=\"shb-accommodation-listing-item\">\n\t\t\t\t\n\t\t\t\t<div class=\"shb-accommodation-listing-image\">\n\t\t\t\t\t\n\t\t\t\t\t<a href=\"https:\/\/bestlifemorocco.com\/fr\/berber-suite-3-adults\/\" rel=\"bookmark\" class=\"shb-accommodation-listing-button1\">From 1,303MAD \/ Night<\/a>\n\t\t\t\t\t\n\t\t\t\t\t\t\t\t\t\t\t\t\t\t\t<a href=\"https:\/\/bestlifemorocco.com\/fr\/berber-suite-3-adults\/\" rel=\"bookmark\">\n\t\t\t\t\t\t<img decoding=\"async\" src=\"https:\/\/bestlifemorocco.com\/wp-content\/uploads\/2025\/09\/DSC_1248-HDR-1180x710.jpg\" alt=\"Berber Suite (3 Adults)\" \/>\t\t\t\t\t<\/a>\n\t\t\t\t\t\t\t\t\t\t\n\t\t\t\t<\/div>\n\t\t\t\t\n\t\t\t\t<div class=\"shb-accommodation-listing-description-wrapper\">\n\t\t\t\t\n\t\t\t\t\t<h3><a href=\"https:\/\/bestlifemorocco.com\/fr\/berber-suite-3-adults\/\" rel=\"bookmark\" title=\"Berber Suite (3 Adults)\">Berber Suite (3 Adults)<\/a><\/h3>\n\t\t\t\t\n\t\t\t\t\t<div class=\"shb-accommodation-listing-description shb-clearfix\">\n\t\t\t\t\t\n\t\t\t\t\t\t<ul>\r\n<li><i class=\"fas fa-user\"><\/i><span>Capacity:<\/span> 2 Adults<\/li>\r\n<li><i class=\"fas fa-ruler-combined\"><\/i><span>Size:<\/span> 35sqm<\/li>\r\n<li><i class=\"fas fa-binoculars\"><\/i><span>View:<\/span> Garden<\/li>\r\n<\/ul>\t\t\t\t\t\n\t\t\t\t\t<\/div>\n\t\t\t\t\n\t\t\t\t<\/div>\n\t\t\t\t\n\t\t\t<!-- END .shb-accommodation-listing-item -->\n\t\t\t<\/div>\n\t\t\n\t\t\t\t\n\t\t\t<!-- BEGIN .shb-accommodation-listing-item -->\n\t\t\t<div class=\"shb-accommodation-listing-item\">\n\t\t\t\t\n\t\t\t\t<div class=\"shb-accommodation-listing-image\">\n\t\t\t\t\t\n\t\t\t\t\t<a href=\"https:\/\/bestlifemorocco.com\/fr\/african-suite-3-adults\/\" rel=\"bookmark\" class=\"shb-accommodation-listing-button1\">From 1,303MAD \/ Night<\/a>\n\t\t\t\t\t\n\t\t\t\t\t\t\t\t\t\t\t\t\t\t\t<a href=\"https:\/\/bestlifemorocco.com\/fr\/african-suite-3-adults\/\" rel=\"bookmark\">\n\t\t\t\t\t\t<img decoding=\"async\" src=\"https:\/\/bestlifemorocco.com\/wp-content\/uploads\/2025\/09\/DSC_1266-HDR-1180x710.jpg\" alt=\"African Suite (3 Adults)\" \/>\t\t\t\t\t<\/a>\n\t\t\t\t\t\t\t\t\t\t\n\t\t\t\t<\/div>\n\t\t\t\t\n\t\t\t\t<div class=\"shb-accommodation-listing-description-wrapper\">\n\t\t\t\t\n\t\t\t\t\t<h3><a href=\"https:\/\/bestlifemorocco.com\/fr\/african-suite-3-adults\/\" rel=\"bookmark\" title=\"African Suite (3 Adults)\">African Suite (3 Adults)<\/a><\/h3>\n\t\t\t\t\n\t\t\t\t\t<div class=\"shb-accommodation-listing-description shb-clearfix\">\n\t\t\t\t\t\n\t\t\t\t\t\t<ul>\r\n<li><i class=\"fas fa-user\"><\/i><span>Capacity:<\/span> 2 Adults<\/li>\r\n<li><i class=\"fas fa-ruler-combined\"><\/i><span>Size:<\/span> 35sqm<\/li>\r\n<li><i class=\"fas fa-binoculars\"><\/i><span>View:<\/span> Garden<\/li>\r\n<\/ul>\t\t\t\t\t\n\t\t\t\t\t<\/div>\n\t\t\t\t\n\t\t\t\t<\/div>\n\t\t\t\t\n\t\t\t<!-- END .shb-accommodation-listing-item -->\n\t\t\t<\/div>\n\t\t\n\t\t\t\t\n\t\t\t<!-- BEGIN .shb-accommodation-listing-item -->\n\t\t\t<div class=\"shb-accommodation-listing-item\">\n\t\t\t\t\n\t\t\t\t<div class=\"shb-accommodation-listing-image\">\n\t\t\t\t\t\n\t\t\t\t\t<a href=\"https:\/\/bestlifemorocco.com\/fr\/deluxe-double-room\/\" rel=\"bookmark\" class=\"shb-accommodation-listing-button1\">From 1,043MAD \/ Night<\/a>\n\t\t\t\t\t\n\t\t\t\t\t\t\t\t\t\t\t\t\t\t\t<a href=\"https:\/\/bestlifemorocco.com\/fr\/deluxe-double-room\/\" rel=\"bookmark\">\n\t\t\t\t\t\t<img decoding=\"async\" src=\"https:\/\/bestlifemorocco.com\/wp-content\/uploads\/2025\/09\/DSC_1233-HDR-1180x710.jpg\" alt=\"Deluxe Double Room\" \/>\t\t\t\t\t<\/a>\n\t\t\t\t\t\t\t\t\t\t\n\t\t\t\t<\/div>\n\t\t\t\t\n\t\t\t\t<div class=\"shb-accommodation-listing-description-wrapper\">\n\t\t\t\t\n\t\t\t\t\t<h3><a href=\"https:\/\/bestlifemorocco.com\/fr\/deluxe-double-room\/\" rel=\"bookmark\" title=\"Deluxe Double Room\">Deluxe Double Room<\/a><\/h3>\n\t\t\t\t\n\t\t\t\t\t<div class=\"shb-accommodation-listing-description shb-clearfix\">\n\t\t\t\t\t\n\t\t\t\t\t\t<ul>\r\n<li><i class=\"fas fa-user\"><\/i><span>Capacity:<\/span> 2 Adults<\/li>\r\n<li><i class=\"fas fa-ruler-combined\"><\/i><span>Size:<\/span> 35sqm<\/li>\r\n<li><i class=\"fas fa-binoculars\"><\/i><span>View:<\/span> Garden<\/li>\r\n<\/ul>\t\t\t\t\t\n\t\t\t\t\t<\/div>\n\t\t\t\t\n\t\t\t\t<\/div>\n\t\t\t\t\n\t\t\t<!-- END .shb-accommodation-listing-item -->\n\t\t\t<\/div>\n\t\t\n\t\t\t\t\n\t\t\t<!-- BEGIN .shb-accommodation-listing-item -->\n\t\t\t<div class=\"shb-accommodation-listing-item\">\n\t\t\t\t\n\t\t\t\t<div class=\"shb-accommodation-listing-image\">\n\t\t\t\t\t\n\t\t\t\t\t<a href=\"https:\/\/bestlifemorocco.com\/fr\/deluxe-room-2-adults-1-child\/\" rel=\"bookmark\" class=\"shb-accommodation-listing-button1\">From 1,043MAD \/ Night<\/a>\n\t\t\t\t\t\n\t\t\t\t\t\t\t\t\t\t\t\t\t\t\t<a href=\"https:\/\/bestlifemorocco.com\/fr\/deluxe-room-2-adults-1-child\/\" rel=\"bookmark\">\n\t\t\t\t\t\t<img decoding=\"async\" src=\"https:\/\/bestlifemorocco.com\/wp-content\/uploads\/2025\/09\/DSC_1221-HDR-1180x710.jpg\" alt=\"Deluxe Room (2 Adults + 1 Child)\" \/>\t\t\t\t\t<\/a>\n\t\t\t\t\t\t\t\t\t\t\n\t\t\t\t<\/div>\n\t\t\t\t\n\t\t\t\t<div class=\"shb-accommodation-listing-description-wrapper\">\n\t\t\t\t\n\t\t\t\t\t<h3><a href=\"https:\/\/bestlifemorocco.com\/fr\/deluxe-room-2-adults-1-child\/\" rel=\"bookmark\" title=\"Deluxe Room (2 Adults + 1 Child)\">Deluxe Room (2 Adults + 1 Child)<\/a><\/h3>\n\t\t\t\t\n\t\t\t\t\t<div class=\"shb-accommodation-listing-description shb-clearfix\">\n\t\t\t\t\t\n\t\t\t\t\t\t<ul>\r\n<li><i class=\"fas fa-user\"><\/i><span>Capacity:<\/span> 2 Adults<\/li>\r\n<li><i class=\"fas fa-ruler-combined\"><\/i><span>Size:<\/span> 35sqm<\/li>\r\n<li><i class=\"fas fa-binoculars\"><\/i><span>View:<\/span> Garden<\/li>\r\n<\/ul>\t\t\t\t\t\n\t\t\t\t\t<\/div>\n\t\t\t\t\n\t\t\t\t<\/div>\n\t\t\t\t\n\t\t\t<!-- END .shb-accommodation-listing-item -->\n\t\t\t<\/div>\n\t\t\n\t\t\t\t\t\n\t\t<!-- END .shb-accommodation-listing-style-2 -->\n\t\t<\/div>\n\t\n\t\t\n\t\t\t\n\t\t<div class=\"shb-clearboth\"><\/div>\n\t\t<div class=\"shb-accommodation-listing-2-pagination\">\n\t\t\t\t<\/div>\n\t\t\n\t\t\n\t[\/vc_column][\/vc_row][vc_row][vc_column][vc_raw_html css=\u00a0\u00bb\u00a0\u00bb]PHNlY3Rpb24gY2xhc3M9ImhvdGVsLWZhY2lsaXRpZXMiPg0KICA8aDI+w4lxdWlwZW1lbnRzIGR1IFJpYWQ8L2gyPg0KICA8ZGl2IGNsYXNzPSJoZi1zZXAiPjwvZGl2Pg0KDQogIDxkaXYgY2xhc3M9ImZhY2lsaXRpZXMtZ3JpZCI+DQogICAgPGRpdiBjbGFzcz0iZmFjaWxpdHkiPjxpIGNsYXNzPSJmYSBmYS1zd2ltbWluZy1wb29sIGFtZW5pdHktaWNvbiIgYXJpYS1oaWRkZW49InRydWUiPjwvaT48cD5QaXNjaW5lIGV4dMOpcmlldXJlPC9wPjwvZGl2Pg0KICAgIDxkaXYgY2xhc3M9ImZhY2lsaXR5Ij48aSBjbGFzcz0iZmEgZmEtc3BhIGFtZW5pdHktaWNvbiIgYXJpYS1oaWRkZW49InRydWUiPjwvaT48cD5IYW1tYW0gLyBCYWluIGRlIHZhcGV1cjwvcD48L2Rpdj4NCiAgICA8ZGl2IGNsYXNzPSJmYWNpbGl0eSI+PGkgY2xhc3M9ImZhIGZhLXNlZWRsaW5nIGFtZW5pdHktaWNvbiIgYXJpYS1oaWRkZW49InRydWUiPjwvaT48cD5KYXJkaW48L3A+PC9kaXY+DQogICAgPGRpdiBjbGFzcz0iZmFjaWxpdHkiPjxpIGNsYXNzPSJmYSBmYS1zdW4gYW1lbml0eS1pY29uIiBhcmlhLWhpZGRlbj0idHJ1ZSI+PC9pPjxwPlRlcnJhc3NlIGV0IHNvbGFyaXVtPC9wPjwvZGl2Pg0KDQogICAgPGRpdiBjbGFzcz0iZmFjaWxpdHkiPjxpIGNsYXNzPSJmYSBmYS1wYXJraW5nIGFtZW5pdHktaWNvbiIgYXJpYS1oaWRkZW49InRydWUiPjwvaT48cD5QYXJraW5nIHByaXbDqSBncmF0dWl0PC9wPjwvZGl2Pg0KICAgIDxkaXYgY2xhc3M9ImZhY2lsaXR5Ij48aSBjbGFzcz0iZmEgZmEtc25vd2ZsYWtlIGFtZW5pdHktaWNvbiIgYXJpYS1oaWRkZW49InRydWUiPjwvaT48cD5DaGFtYnJlcyBjbGltYXRpc8OpZXM8L3A+PC9kaXY+DQogICAgPGRpdiBjbGFzcz0iZmFjaWxpdHkiPjxpIGNsYXNzPSJmYSBmYS11c2VycyBhbWVuaXR5LWljb24iIGFyaWEtaGlkZGVuPSJ0cnVlIj48L2k+PHA+Q2hhbWJyZXMgZmFtaWxpYWxlczwvcD48L2Rpdj4NCiAgICA8ZGl2IGNsYXNzPSJmYWNpbGl0eSI+PGkgY2xhc3M9ImZhIGZhLXV0ZW5zaWxzIGFtZW5pdHktaWNvbiIgYXJpYS1oaWRkZW49InRydWUiPjwvaT48cD5QZXRpdC1kw6lqZXVuZXIgY29udGluZW50YWw8L3A+PC9kaXY+DQoNCiAgICA8ZGl2IGNsYXNzPSJmYWNpbGl0eSI+PGkgY2xhc3M9ImZhIGZhLWJvb2sgYW1lbml0eS1pY29uIiBhcmlhLWhpZGRlbj0idHJ1ZSI+PC9pPjxwPkJpYmxpb3Row6hxdWUgZXQgc2FsbGUgZGUgbGVjdHVyZTwvcD48L2Rpdj4NCiAgICA8ZGl2IGNsYXNzPSJmYWNpbGl0eSI+PGkgY2xhc3M9ImZhIGZhLWRpY2UgYW1lbml0eS1pY29uIiBhcmlhLWhpZGRlbj0idHJ1ZSI+PC9pPjxwPkZsw6ljaGV0dGVzIGV0IGpldXg8L3A+PC9kaXY+DQogICAgPGRpdiBjbGFzcz0iZmFjaWxpdHkiPjxpIGNsYXNzPSJmYSBmYS1idXMtYWx0IGFtZW5pdHktaWNvbiIgYXJpYS1oaWRkZW49InRydWUiPjwvaT48cD5OYXZldHRlIGHDqXJvcG9ydCAoZW4gc3VwcGzDqW1lbnQpPC9wPjwvZGl2Pg0KICAgIDxkaXYgY2xhc3M9ImZhY2lsaXR5Ij48aSBjbGFzcz0iZmEgZmEtYnJpZWZjYXNlIGFtZW5pdHktaWNvbiIgYXJpYS1oaWRkZW49InRydWUiPjwvaT48cD5DZW50cmUgZCdhZmZhaXJlcyBldCBXaS1GaTwvcD48L2Rpdj4NCg0KICAgIDxkaXYgY2xhc3M9ImZhY2lsaXR5Ij48aSBjbGFzcz0iZmEgZmEtdHYgYW1lbml0eS1pY29uIiBhcmlhLWhpZGRlbj0idHJ1ZSI+PC9pPjxwPlTDqWzDqXZpc2lvbiDDoCDDqWNyYW4gcGxhdCBldCBzYXRlbGxpdGU8L3A+PC9kaXY+DQogICAgPGRpdiBjbGFzcz0iZmFjaWxpdHkiPjxpIGNsYXNzPSJmYSBmYS1zaG93ZXIgYW1lbml0eS1pY29uIiBhcmlhLWhpZGRlbj0idHJ1ZSI+PC9pPjxwPlNhbGxlcyBkZSBiYWlucyBwcml2YXRpdmVzPC9wPjwvZGl2Pg0KICAgIDxkaXYgY2xhc3M9ImZhY2lsaXR5Ij48aSBjbGFzcz0iZmEgZmEtYmlub2N1bGFycyBhbWVuaXR5LWljb24iIGFyaWEtaGlkZGVuPSJ0cnVlIj48L2k+PHA+VnVlcyBzdXIgbGUgcGF0aW8gLyBsYSB0ZXJyYXNzZTwvcD48L2Rpdj4NCiAgPC9kaXY+DQo8L3NlY3Rpb24+DQoNCjxzdHlsZT4NCiAgLmhvdGVsLWZhY2lsaXRpZXMgeyBtYXgtd2lkdGg6IDExMDBweDsgbWFyZ2luOiAwIGF1dG8gNDBweDsgfQ0KICAuaG90ZWwtZmFjaWxpdGllcyBoMiB7IHRleHQtYWxpZ246IGNlbnRlcjsgbWFyZ2luOiAwIDAgNnB4OyB9DQogIC5oZi1zZXAgeyB3aWR0aDogNTBweDsgaGVpZ2h0OiAzcHg7IGJhY2tncm91bmQ6I0I2Nzc0RDsgbWFyZ2luOiAxMHB4IGF1dG8gMzBweDsgYm9yZGVyLXJhZGl1czogMnB4OyB9DQoNCiAgLmZhY2lsaXRpZXMtZ3JpZCB7DQogICAgZGlzcGxheTogZ3JpZDsNCiAgICBncmlkLXRlbXBsYXRlLWNvbHVtbnM6IHJlcGVhdCgyLCBtaW5tYXgoMCwgMWZyKSk7DQogICAgZ2FwOiAyNnB4IDYwcHg7DQogIH0NCg0KICAuZmFjaWxpdHkgew0KICAgIGRpc3BsYXk6IGdyaWQ7DQogICAgZ3JpZC10ZW1wbGF0ZS1jb2x1bW5zOiAyMnB4IDFmcjsgICAvKiBzbWFsbGVyIGljb24gY29sdW1uICovDQogICAgYWxpZ24taXRlbXM6IGNlbnRlcjsNCiAgICBjb2x1bW4tZ2FwOiAxMnB4Ow0KICB9DQoNCiAgLmFtZW5pdHktaWNvbiB7DQogICAgZm9udC1zaXplOiAyMHB4OyAgICAgICAvKiBzbWFsbGVyIGljb25zICovDQogICAgbGluZS1oZWlnaHQ6IDE7DQogICAgY29sb3I6ICNCNjc3NEQ7ICAgICAgICAvKiBrZWVwIHRoZSBjb2xvciAqLw0KICB9DQoNCiAgLmZhY2lsaXR5IHAgew0KICAgIG1hcmdpbjogMDsNCiAgICBmb250LXdlaWdodDogNjAwOyAgICAgIC8qIHZpc3VhbCB3ZWlnaHQgbGlrZSBoZWFkaW5ncyBidXQgdXNpbmcgPHA+ICovDQogIH0NCg0KICBAbWVkaWEgKG1heC13aWR0aDogODIwcHgpIHsNCiAgICAuZmFjaWxpdGllcy1ncmlkIHsgZ3JpZC10ZW1wbGF0ZS1jb2x1bW5zOiAxZnI7IH0NCiAgfQ0KPC9zdHlsZT4NCg==[\/vc_raw_html][\/vc_column][\/vc_row][vc_row][vc_column][vc_raw_html css=\u00a0\u00bb\u00a0\u00bb]PGEgaHJlZj0iaHR0cHM6Ly9kaXJlY3QtYm9vay5jb20vcHJvcGVydGllcy9kYXJtYXJkYW4yIiB0YXJnZXQ9Il9ibGFuayIgc3R5bGU9InBvc2l0aW9uOmZpeGVkO2JvdHRvbToyMHB4O3JpZ2h0OjIwcHg7YmFja2dyb3VuZDojQjY3NzREO2NvbG9yOiNmZmY7cGFkZGluZzoxNHB4IDIycHg7Zm9udC1zaXplOjE2cHg7Zm9udC1mYW1pbHk6QXJpYWw7Ym9yZGVyLXJhZGl1czo4cHg7dGV4dC1kZWNvcmF0aW9uOm5vbmU7Ym94LXNoYWRvdzowIDRweCAxMnB4IHJnYmEoMCwwLDAsMC4xNSk7ei1pbmRleDo5OTk5OyI+dsOpcmlmaWVyIGxhIGRpc3BvbmliaWxpdMOpPC9hPg0K[\/vc_raw_html][\/vc_column][\/vc_row]<\/p>\n<\/div>","protected":false},"excerpt":{"rendered":"<p>[vc_row][vc_column width=\u00a0\u00bb1\/2&Prime;][vc_single_image image=\u00a0\u00bb812&Prime; img_size=\u00a0\u00bbfull\u00a0\u00bb css=\u00a0\u00bb\u00a0\u00bb][\/vc_column][vc_column width=\u00a0\u00bb1\/2&Prime;][vc_column_text css=\u00a0\u00bb\u00a0\u00bb]Dar Mardan est une v\u00e9ritable oasis de tranquillit\u00e9 situ\u00e9e dans la campagne de l&rsquo;Ourika, juste \u00e0 l&rsquo;ext\u00e9rieur de Marrakech. M\u00ealant architecture arabo-andalouse et touches contemporaines, cette maison d&rsquo;h\u00f4tes se distingue par ses jardins luxuriants, ses d\u00e9tails raffin\u00e9s et son atmosph\u00e8re sereine. Loin de l&rsquo;agitation de la M\u00e9dina, Dar Mardan<\/p>\n<a href=\"https:\/\/bestlifemorocco.com\/fr\/deluxe-room-2-adults-1-child\/\" class=\"sohohotel-more-link\">En savoir plus<\/a>","protected":false},"author":1,"featured_media":814,"parent":0,"menu_order":0,"comment_status":"closed","ping_status":"closed","template":"","meta":{"footnotes":""},"class_list":["post-811","page","type-page","status-publish","has-post-thumbnail","hentry"],"aioseo_notices":[],"_links":{"self":[{"href":"https:\/\/bestlifemorocco.com\/fr\/wp-json\/wp\/v2\/pages\/811","targetHints":{"allow":["GET"]}}],"collection":[{"href":"https:\/\/bestlifemorocco.com\/fr\/wp-json\/wp\/v2\/pages"}],"about":[{"href":"https:\/\/bestlifemorocco.com\/fr\/wp-json\/wp\/v2\/types\/page"}],"author":[{"embeddable":true,"href":"https:\/\/bestlifemorocco.com\/fr\/wp-json\/wp\/v2\/users\/1"}],"replies":[{"embeddable":true,"href":"https:\/\/bestlifemorocco.com\/fr\/wp-json\/wp\/v2\/comments?post=811"}],"version-history":[{"count":5,"href":"https:\/\/bestlifemorocco.com\/fr\/wp-json\/wp\/v2\/pages\/811\/revisions"}],"predecessor-version":[{"id":856,"href":"https:\/\/bestlifemorocco.com\/fr\/wp-json\/wp\/v2\/pages\/811\/revisions\/856"}],"wp:featuredmedia":[{"embeddable":true,"href":"https:\/\/bestlifemorocco.com\/fr\/wp-json\/wp\/v2\/media\/814"}],"wp:attachment":[{"href":"https:\/\/bestlifemorocco.com\/fr\/wp-json\/wp\/v2\/media?parent=811"}],"curies":[{"name":"wp","href":"https:\/\/api.w.org\/{rel}","templated":true}]}}