{"id":804,"date":"2025-09-05T17:11:12","date_gmt":"2025-09-05T17:11:12","guid":{"rendered":"https:\/\/bestlifemorocco.com\/riad-lorsya\/"},"modified":"2026-03-11T16:49:41","modified_gmt":"2026-03-11T16:49:41","slug":"riad-lorsya","status":"publish","type":"page","link":"https:\/\/bestlifemorocco.com\/fr\/riad-lorsya\/","title":{"rendered":"Riad Lorsya"},"content":{"rendered":"<div class=\"wpb-content-wrapper\"><p>[vc_row][vc_column width=\u00a0\u00bb1\/2&Prime;][vc_single_image image=\u00a0\u00bb805&Prime; img_size=\u00a0\u00bbfull\u00a0\u00bb css=\u00a0\u00bb\u00a0\u00bb][\/vc_column][vc_column width=\u00a0\u00bb1\/2&Prime;]<h3 class=\"sohohotel-title-25px sohohotel-clearfix sohohotel-title-left\">Riad Lorsya \u2013 Tradition marocaine et confort moderne<\/h3>[vc_column_text css=\u00a0\u00bb\u00a0\u00bb]Nich\u00e9 dans une ruelle calme de la m\u00e9dina, le Riad Lorsya allie parfaitement l&rsquo;\u00e9l\u00e9gance du d\u00e9cor marocain traditionnel au confort d&rsquo;un s\u00e9jour contemporain. Ses chambres authentiques, son patio apaisant et ses espaces de vie chaleureux invitent les h\u00f4tes \u00e0 se d\u00e9tendre apr\u00e8s une journ\u00e9e d&rsquo;exploration de Marrakech. Avec son atmosph\u00e8re accueillante et son hospitalit\u00e9 attentive, le Riad Lorsya est l&rsquo;adresse id\u00e9ale pour d\u00e9couvrir le charme unique d&rsquo;un riad marocain.[\/vc_column_text]<a href=\"https:\/\/direct-book.com\/properties\/riadlorsyadirect\" class=\"sohohotel-button1\" style=\"background: #B6774D;color:#FFFFFF;margin: 0;\">R\u00e9server maintenant<\/a><div class=\"sohohotel-clearboth\"><\/div>[\/vc_column][\/vc_row][vc_row css=\u00a0\u00bb.vc_custom_1757810195188{margin-top: 0px !important;margin-right: 0px !important;margin-bottom: 45px !important;margin-left: 0px !important;border-top-width: 0px !important;border-right-width: 0px !important;border-bottom-width: 0px !important;border-left-width: 0px !important;padding-top: 0px !important;padding-right: 0px !important;padding-bottom: 0px !important;padding-left: 0px !important;}\u00a0\u00bb el_id=\u00a0\u00bbr\u00e9servation-lorysan\u00a0\u00bb][vc_column css=\u00a0\u00bb.vc_custom_1627553414681{margin-top: 0px !important;margin-right: 0px !important;margin-bottom: 0px !important;margin-left: 0px !important;border-top-width: 0px !important;border-right-width: 0px !important;border-bottom-width: 0px !important;border-left-width: 0px !important;padding-top: 0px !important;padding-right: 0px !important;padding-bottom: 0px !important;padding-left: 0px !important;}\u00a0\u00bb][vc_separator color=\u00a0\u00bbcustom\u00a0\u00bb accent_color=\u00a0\u00bb#dedede\u00a0\u00bb]\t\t\n\t\t\t\t\n\t\t\t<!-- BEGIN .shb-accommodation-listing-filter-sorting -->\n\t\t\t<div class=\"shb-accommodation-listing-filter-sorting shb-clearfix\">\n\t\t\t\n\t\t\t\t\t\t\t\n\t\t\t\t<div class=\"shb-accommodation-listing-filter shb-clearfix\">\n\t\t\t\t\t<p>Filtrer par:<\/p>\n\t\t\t\t\t<ul>\n\t\t\t\t\t\t<li class=\"shb-filter-current\"><a href=\"https:\/\/bestlifemorocco.com\/fr\/wp-json\/wp\/v2\/pages\/804\/?shb-orderby=2\">Toute<\/a><\/li><li class=\"\"><a href=\"https:\/\/bestlifemorocco.com\/fr\/wp-json\/wp\/v2\/pages\/804\/?shb-orderby=2&shb-accommodation-type=rooms\">Rooms<\/a><\/li><li class=\"\"><a href=\"https:\/\/bestlifemorocco.com\/fr\/wp-json\/wp\/v2\/pages\/804\/?shb-orderby=2&shb-accommodation-type=suites\">Suites<\/a><\/li>\t\t\t\t\t<\/ul>\n\t\t\t\t<\/div>\n\t\t\t\n\t\t\t\t\t\t\t\n\t\t\t\t\t\t\t\n\t\t\t\t<div class=\"shb-accommodation-listing-sorting shb-clearfix\">\n\t\t\t\t\t<select>\n\t\t\t\t\t\t<option value=\"https:\/\/bestlifemorocco.com\/fr\/wp-json\/wp\/v2\/pages\/804\/?shb-accommodation-type=0\" selected>Tri par d\u00e9faut<\/option><option value=\"https:\/\/bestlifemorocco.com\/fr\/wp-json\/wp\/v2\/pages\/804\/?shb-accommodation-type=0&shb-orderby=1\" >Prix \u200b\u200bcroissant<\/option><option value=\"https:\/\/bestlifemorocco.com\/fr\/wp-json\/wp\/v2\/pages\/804\/?shb-accommodation-type=0&shb-orderby=2\" >Prix d\u00e9croissant<\/option>\t\t\t\t\t<\/select>\n\t\t\t\t\t<i class=\"fas fa-chevron-down\"><\/i>\n\t\t\t\t<\/div>\n\t\t\t\n\t\t\t\t\t\n\t\t\t<!-- END .shb-accommodation-listing-filter-sorting -->\n\t\t\t<\/div>\n\t\t\n\t\t\t\t\n\t\t<!-- BEGIN .shb-accommodation-listing-style-2 -->\n\t\t<div class=\"shb-accommodation-listing-style-2 shb-accommodation-listing-style-2-columns-3\">\n\t\t\t\n\t\t\t\t\n\t\t\t<!-- BEGIN .shb-accommodation-listing-item -->\n\t\t\t<div class=\"shb-accommodation-listing-item\">\n\t\t\t\t\n\t\t\t\t<div class=\"shb-accommodation-listing-image\">\n\t\t\t\t\t\n\t\t\t\t\t<a href=\"https:\/\/bestlifemorocco.com\/fr\/chambre-double-perle-dorient\/\" rel=\"bookmark\" class=\"shb-accommodation-listing-button1\">From 773MAD \/ Night<\/a>\n\t\t\t\t\t\n\t\t\t\t\t\t\t\t\t\t\t\t\t\t\t<a href=\"https:\/\/bestlifemorocco.com\/fr\/chambre-double-perle-dorient\/\" rel=\"bookmark\">\n\t\t\t\t\t\t<img decoding=\"async\" src=\"https:\/\/bestlifemorocco.com\/wp-content\/uploads\/2025\/11\/Capture-decran-2025-11-05-145215-1180x710.png\" alt=\"Chambre Double Perle d&rsquo;Orient\" \/>\t\t\t\t\t<\/a>\n\t\t\t\t\t\t\t\t\t\t\n\t\t\t\t<\/div>\n\t\t\t\t\n\t\t\t\t<div class=\"shb-accommodation-listing-description-wrapper\">\n\t\t\t\t\n\t\t\t\t\t<h3><a href=\"https:\/\/bestlifemorocco.com\/fr\/chambre-double-perle-dorient\/\" rel=\"bookmark\" title=\"Chambre Double Perle d&rsquo;Orient\">Chambre Double Perle d&rsquo;Orient<\/a><\/h3>\n\t\t\t\t\n\t\t\t\t\t<div class=\"shb-accommodation-listing-description shb-clearfix\">\n\t\t\t\t\t\n\t\t\t\t\t\t<ul>\r\n<li><i class=\"fas fa-user\"><\/i><span>Capacity:<\/span> 2 Adults<\/li>\r\n<li><i class=\"fas fa-ruler-combined\"><\/i><span>Size:<\/span> 35sqm<\/li>\r\n<li><i class=\"fas fa-binoculars\"><\/i><span>View:<\/span> Riad<\/li>\r\n<\/ul>\t\t\t\t\t\n\t\t\t\t\t<\/div>\n\t\t\t\t\n\t\t\t\t<\/div>\n\t\t\t\t\n\t\t\t<!-- END .shb-accommodation-listing-item -->\n\t\t\t<\/div>\n\t\t\n\t\t\t\t\n\t\t\t<!-- BEGIN .shb-accommodation-listing-item -->\n\t\t\t<div class=\"shb-accommodation-listing-item\">\n\t\t\t\t\n\t\t\t\t<div class=\"shb-accommodation-listing-image\">\n\t\t\t\t\t\n\t\t\t\t\t<a href=\"https:\/\/bestlifemorocco.com\/fr\/chambre-double-eau-de-rose\/\" rel=\"bookmark\" class=\"shb-accommodation-listing-button1\">From 739MAD \/ Night<\/a>\n\t\t\t\t\t\n\t\t\t\t\t\t\t\t\t\t\t\t\t\t\t<a href=\"https:\/\/bestlifemorocco.com\/fr\/chambre-double-eau-de-rose\/\" rel=\"bookmark\">\n\t\t\t\t\t\t<img decoding=\"async\" src=\"https:\/\/bestlifemorocco.com\/wp-content\/uploads\/2025\/09\/DSC_0195-HDR-1180x710.webp\" alt=\"Chambre Double Eau de Rose\" \/>\t\t\t\t\t<\/a>\n\t\t\t\t\t\t\t\t\t\t\n\t\t\t\t<\/div>\n\t\t\t\t\n\t\t\t\t<div class=\"shb-accommodation-listing-description-wrapper\">\n\t\t\t\t\n\t\t\t\t\t<h3><a href=\"https:\/\/bestlifemorocco.com\/fr\/chambre-double-eau-de-rose\/\" rel=\"bookmark\" title=\"Chambre Double Eau de Rose\">Chambre Double Eau de Rose<\/a><\/h3>\n\t\t\t\t\n\t\t\t\t\t<div class=\"shb-accommodation-listing-description shb-clearfix\">\n\t\t\t\t\t\n\t\t\t\t\t\t<ul>\r\n<li><i class=\"fas fa-user\"><\/i><span>Capacity:<\/span> 2 Adults<\/li>\r\n<li><i class=\"fas fa-ruler-combined\"><\/i><span>Size:<\/span> 35sqm<\/li>\r\n<li><i class=\"fas fa-binoculars\"><\/i><span>View:<\/span> Riad<\/li>\r\n<\/ul>\t\t\t\t\t\n\t\t\t\t\t<\/div>\n\t\t\t\t\n\t\t\t\t<\/div>\n\t\t\t\t\n\t\t\t<!-- END .shb-accommodation-listing-item -->\n\t\t\t<\/div>\n\t\t\n\t\t\t\t\n\t\t\t<!-- BEGIN .shb-accommodation-listing-item -->\n\t\t\t<div class=\"shb-accommodation-listing-item\">\n\t\t\t\t\n\t\t\t\t<div class=\"shb-accommodation-listing-image\">\n\t\t\t\t\t\n\t\t\t\t\t<a href=\"https:\/\/bestlifemorocco.com\/fr\/chambre-double-marjana\/\" rel=\"bookmark\" class=\"shb-accommodation-listing-button1\">From 739MAD \/ Night<\/a>\n\t\t\t\t\t\n\t\t\t\t\t\t\t\t\t\t\t\t\t\t\t<a href=\"https:\/\/bestlifemorocco.com\/fr\/chambre-double-marjana\/\" rel=\"bookmark\">\n\t\t\t\t\t\t<img decoding=\"async\" src=\"https:\/\/bestlifemorocco.com\/wp-content\/uploads\/2025\/11\/Capture-decran-2025-11-05-142933-1180x710.png\" alt=\"Chambre Double Marjana\" \/>\t\t\t\t\t<\/a>\n\t\t\t\t\t\t\t\t\t\t\n\t\t\t\t<\/div>\n\t\t\t\t\n\t\t\t\t<div class=\"shb-accommodation-listing-description-wrapper\">\n\t\t\t\t\n\t\t\t\t\t<h3><a href=\"https:\/\/bestlifemorocco.com\/fr\/chambre-double-marjana\/\" rel=\"bookmark\" title=\"Chambre Double Marjana\">Chambre Double Marjana<\/a><\/h3>\n\t\t\t\t\n\t\t\t\t\t<div class=\"shb-accommodation-listing-description shb-clearfix\">\n\t\t\t\t\t\n\t\t\t\t\t\t<ul>\r\n<li><i class=\"fas fa-user\"><\/i><span>Capacity:<\/span> 2 Adults<\/li>\r\n<li><i class=\"fas fa-ruler-combined\"><\/i><span>Size:<\/span> 35sqm<\/li>\r\n<li><i class=\"fas fa-binoculars\"><\/i><span>View:<\/span> Riad<\/li>\r\n<\/ul>\t\t\t\t\t\n\t\t\t\t\t<\/div>\n\t\t\t\t\n\t\t\t\t<\/div>\n\t\t\t\t\n\t\t\t<!-- END .shb-accommodation-listing-item -->\n\t\t\t<\/div>\n\t\t\n\t\t\t\t\n\t\t\t<!-- BEGIN .shb-accommodation-listing-item -->\n\t\t\t<div class=\"shb-accommodation-listing-item\">\n\t\t\t\t\n\t\t\t\t<div class=\"shb-accommodation-listing-image\">\n\t\t\t\t\t\n\t\t\t\t\t<a href=\"https:\/\/bestlifemorocco.com\/fr\/chambre-double-sultana\/\" rel=\"bookmark\" class=\"shb-accommodation-listing-button1\">From 739MAD \/ Night<\/a>\n\t\t\t\t\t\n\t\t\t\t\t\t\t\t\t\t\t\t\t\t\t<a href=\"https:\/\/bestlifemorocco.com\/fr\/chambre-double-sultana\/\" rel=\"bookmark\">\n\t\t\t\t\t\t<img decoding=\"async\" src=\"https:\/\/bestlifemorocco.com\/wp-content\/uploads\/2025\/09\/DSC_0227-HDR-1180x710.jpg\" alt=\"Chambre Double Sultana\" \/>\t\t\t\t\t<\/a>\n\t\t\t\t\t\t\t\t\t\t\n\t\t\t\t<\/div>\n\t\t\t\t\n\t\t\t\t<div class=\"shb-accommodation-listing-description-wrapper\">\n\t\t\t\t\n\t\t\t\t\t<h3><a href=\"https:\/\/bestlifemorocco.com\/fr\/chambre-double-sultana\/\" rel=\"bookmark\" title=\"Chambre Double Sultana\">Chambre Double Sultana<\/a><\/h3>\n\t\t\t\t\n\t\t\t\t\t<div class=\"shb-accommodation-listing-description shb-clearfix\">\n\t\t\t\t\t\n\t\t\t\t\t\t<ul>\r\n<li><i class=\"fas fa-user\"><\/i><span>Capacity:<\/span> 2 Adults<\/li>\r\n<li><i class=\"fas fa-ruler-combined\"><\/i><span>Size:<\/span> 35sqm<\/li>\r\n<li><i class=\"fas fa-binoculars\"><\/i><span>View:<\/span> Riad<\/li>\r\n<\/ul>\t\t\t\t\t\n\t\t\t\t\t<\/div>\n\t\t\t\t\n\t\t\t\t<\/div>\n\t\t\t\t\n\t\t\t<!-- END .shb-accommodation-listing-item -->\n\t\t\t<\/div>\n\t\t\n\t\t\t\t\n\t\t\t<!-- BEGIN .shb-accommodation-listing-item -->\n\t\t\t<div class=\"shb-accommodation-listing-item\">\n\t\t\t\t\n\t\t\t\t<div class=\"shb-accommodation-listing-image\">\n\t\t\t\t\t\n\t\t\t\t\t<a href=\"https:\/\/bestlifemorocco.com\/fr\/suite-mamounia\/\" rel=\"bookmark\" class=\"shb-accommodation-listing-button1\">From 1,564MAD \/ Night<\/a>\n\t\t\t\t\t\n\t\t\t\t\t\t\t\t\t\t\t\t\t\t\t<a href=\"https:\/\/bestlifemorocco.com\/fr\/suite-mamounia\/\" rel=\"bookmark\">\n\t\t\t\t\t\t<img decoding=\"async\" src=\"https:\/\/bestlifemorocco.com\/wp-content\/uploads\/2025\/09\/DSC_0111-HDR-1180x710.webp\" alt=\"Suite Mamounia\" \/>\t\t\t\t\t<\/a>\n\t\t\t\t\t\t\t\t\t\t\n\t\t\t\t<\/div>\n\t\t\t\t\n\t\t\t\t<div class=\"shb-accommodation-listing-description-wrapper\">\n\t\t\t\t\n\t\t\t\t\t<h3><a href=\"https:\/\/bestlifemorocco.com\/fr\/suite-mamounia\/\" rel=\"bookmark\" title=\"Suite Mamounia\">Suite Mamounia<\/a><\/h3>\n\t\t\t\t\n\t\t\t\t\t<div class=\"shb-accommodation-listing-description shb-clearfix\">\n\t\t\t\t\t\n\t\t\t\t\t\t<ul>\r\n<li><i class=\"fas fa-user\"><\/i><span>Capacity:<\/span> 2 Adults<\/li>\r\n<li><i class=\"fas fa-ruler-combined\"><\/i><span>Size:<\/span> 35sqm<\/li>\r\n<li><i class=\"fas fa-binoculars\"><\/i><span>View:<\/span> Riad<\/li>\r\n<\/ul>\t\t\t\t\t\n\t\t\t\t\t<\/div>\n\t\t\t\t\n\t\t\t\t<\/div>\n\t\t\t\t\n\t\t\t<!-- END .shb-accommodation-listing-item -->\n\t\t\t<\/div>\n\t\t\n\t\t\t\t\n\t\t\t<!-- BEGIN .shb-accommodation-listing-item -->\n\t\t\t<div class=\"shb-accommodation-listing-item\">\n\t\t\t\t\n\t\t\t\t<div class=\"shb-accommodation-listing-image\">\n\t\t\t\t\t\n\t\t\t\t\t<a href=\"https:\/\/bestlifemorocco.com\/fr\/suite-sherazade\/\" rel=\"bookmark\" class=\"shb-accommodation-listing-button1\">From 1,303MAD \/ Night<\/a>\n\t\t\t\t\t\n\t\t\t\t\t\t\t\t\t\t\t\t\t\t\t<a href=\"https:\/\/bestlifemorocco.com\/fr\/suite-sherazade\/\" rel=\"bookmark\">\n\t\t\t\t\t\t<img decoding=\"async\" src=\"https:\/\/bestlifemorocco.com\/wp-content\/uploads\/2025\/09\/DSC_0155-HDR-1180x710.webp\" alt=\"Suite Sherazade\" \/>\t\t\t\t\t<\/a>\n\t\t\t\t\t\t\t\t\t\t\n\t\t\t\t<\/div>\n\t\t\t\t\n\t\t\t\t<div class=\"shb-accommodation-listing-description-wrapper\">\n\t\t\t\t\n\t\t\t\t\t<h3><a href=\"https:\/\/bestlifemorocco.com\/fr\/suite-sherazade\/\" rel=\"bookmark\" title=\"Suite Sherazade\">Suite Sherazade<\/a><\/h3>\n\t\t\t\t\n\t\t\t\t\t<div class=\"shb-accommodation-listing-description shb-clearfix\">\n\t\t\t\t\t\n\t\t\t\t\t\t<ul>\r\n<li><i class=\"fas fa-user\"><\/i><span>Capacity:<\/span> 2 Adults<\/li>\r\n<li><i class=\"fas fa-ruler-combined\"><\/i><span>Size:<\/span> 35sqm<\/li>\r\n<li><i class=\"fas fa-binoculars\"><\/i><span>View:<\/span> Riad<\/li>\r\n<\/ul>\t\t\t\t\t\n\t\t\t\t\t<\/div>\n\t\t\t\t\n\t\t\t\t<\/div>\n\t\t\t\t\n\t\t\t<!-- END .shb-accommodation-listing-item -->\n\t\t\t<\/div>\n\t\t\n\t\t\t\t\n\t\t\t<!-- BEGIN .shb-accommodation-listing-item -->\n\t\t\t<div class=\"shb-accommodation-listing-item\">\n\t\t\t\t\n\t\t\t\t<div class=\"shb-accommodation-listing-image\">\n\t\t\t\t\t\n\t\t\t\t\t<a href=\"https:\/\/bestlifemorocco.com\/fr\/suite-samsara\/\" rel=\"bookmark\" class=\"shb-accommodation-listing-button1\">From 1,303MAD \/ Night<\/a>\n\t\t\t\t\t\n\t\t\t\t\t\t\t\t\t\t\t\t\t\t\t<a href=\"https:\/\/bestlifemorocco.com\/fr\/suite-samsara\/\" rel=\"bookmark\">\n\t\t\t\t\t\t<img decoding=\"async\" src=\"https:\/\/bestlifemorocco.com\/wp-content\/uploads\/2025\/09\/DSC_0186-HDR-1180x710.webp\" alt=\"Suite Samsara\" \/>\t\t\t\t\t<\/a>\n\t\t\t\t\t\t\t\t\t\t\n\t\t\t\t<\/div>\n\t\t\t\t\n\t\t\t\t<div class=\"shb-accommodation-listing-description-wrapper\">\n\t\t\t\t\n\t\t\t\t\t<h3><a href=\"https:\/\/bestlifemorocco.com\/fr\/suite-samsara\/\" rel=\"bookmark\" title=\"Suite Samsara\">Suite Samsara<\/a><\/h3>\n\t\t\t\t\n\t\t\t\t\t<div class=\"shb-accommodation-listing-description shb-clearfix\">\n\t\t\t\t\t\n\t\t\t\t\t\t<ul>\r\n<li><i class=\"fas fa-user\"><\/i><span>Capacity:<\/span> 2 Adults<\/li>\r\n<li><i class=\"fas fa-ruler-combined\"><\/i><span>Size:<\/span> 35sqm<\/li>\r\n<li><i class=\"fas fa-binoculars\"><\/i><span>View:<\/span> Riad<\/li>\r\n<\/ul>\t\t\t\t\t\n\t\t\t\t\t<\/div>\n\t\t\t\t\n\t\t\t\t<\/div>\n\t\t\t\t\n\t\t\t<!-- END .shb-accommodation-listing-item -->\n\t\t\t<\/div>\n\t\t\n\t\t\t\t\t\n\t\t<!-- END .shb-accommodation-listing-style-2 -->\n\t\t<\/div>\n\t\n\t\t\n\t\t\t\n\t\t<div class=\"shb-clearboth\"><\/div>\n\t\t<div class=\"shb-accommodation-listing-2-pagination\">\n\t\t\t\t<\/div>\n\t\t\n\t\t\n\t[\/vc_column][\/vc_row][vc_row][vc_column][vc_raw_html css=\u00a0\u00bb\u00a0\u00bb]PHNlY3Rpb24gY2xhc3M9ImhvdGVsLWZhY2lsaXRpZXMiPg0KICA8aDI+w4lxdWlwZW1lbnRzIGR1IFJpYWQ8L2gyPg0KICA8ZGl2IGNsYXNzPSJoZi1zZXAiPjwvZGl2Pg0KDQogIDxkaXYgY2xhc3M9ImZhY2lsaXRpZXMtZ3JpZCI+DQogICAgPGRpdiBjbGFzcz0iZmFjaWxpdHkiPjxpIGNsYXNzPSJmYSBmYS1zd2ltbWluZy1wb29sIGFtZW5pdHktaWNvbiIgYXJpYS1oaWRkZW49InRydWUiPjwvaT48cD5QaXNjaW5lIGludMOpcmlldXJlPC9wPjwvZGl2Pg0KICAgIDxkaXYgY2xhc3M9ImZhY2lsaXR5Ij48aSBjbGFzcz0iZmEgZmEtc3BhIGFtZW5pdHktaWNvbiIgYXJpYS1oaWRkZW49InRydWUiPjwvaT48cD5TcGEgJmFtcDsgSGFtbWFtPC9wPjwvZGl2Pg0KICAgIDxkaXYgY2xhc3M9ImZhY2lsaXR5Ij48aSBjbGFzcz0iZmEgZmEtc3VuIGFtZW5pdHktaWNvbiIgYXJpYS1oaWRkZW49InRydWUiPjwvaT48cD5UZXJyYXNzZSBlbnNvbGVpbGzDqWUgJmFtcDsgSmFyZGluPC9wPjwvZGl2Pg0KICAgIDxkaXYgY2xhc3M9ImZhY2lsaXR5Ij48aSBjbGFzcz0iZmEgZmEtaG9yc2UgYW1lbml0eS1pY29uIiBhcmlhLWhpZGRlbj0idHJ1ZSI+PC9pPjxwPsOJcXVpdGF0aW9uICZhbXA7IEN5Y2xpc21lPC9wPjwvZGl2Pg0KDQogICAgPGRpdiBjbGFzcz0iZmFjaWxpdHkiPjxpIGNsYXNzPSJmYSBmYS1nb2xmLWJhbGwgYW1lbml0eS1pY29uIiBhcmlhLWhpZGRlbj0idHJ1ZSI+PC9pPjxwPkdvbGYgw6AgcHJveGltaXTDqTwvcD48L2Rpdj4NCiAgICA8ZGl2IGNsYXNzPSJmYWNpbGl0eSI+PGkgY2xhc3M9ImZhIGZhLXNodXR0bGUtdmFuIGFtZW5pdHktaWNvbiIgYXJpYS1oaWRkZW49InRydWUiPjwvaT48cD5OYXZldHRlIGHDqXJvcG9ydCAmYW1wOyBMb2NhdGlvbiBkZSB2b2l0dXJlPC9wPjwvZGl2Pg0KICAgIDxkaXYgY2xhc3M9ImZhY2lsaXR5Ij48aSBjbGFzcz0iZmEgZmEtY29uY2llcmdlLWJlbGwgYW1lbml0eS1pY29uIiBhcmlhLWhpZGRlbj0idHJ1ZSI+PC9pPjxwPlNlcnZpY2UgZGUgdm9pdHVyaWVyICZhbXA7IFNlcnZpY2UgZW4gY2hhbWJyZTwvcD48L2Rpdj4NCiAgICA8ZGl2IGNsYXNzPSJmYWNpbGl0eSI+PGkgY2xhc3M9ImZhIGZhLXNvYXAgYW1lbml0eS1pY29uIiBhcmlhLWhpZGRlbj0idHJ1ZSI+PC9pPjxwPkJsYW5jaGlzc2VyaWUgJmFtcDsgTmV0dG95YWdlPC9wPjwvZGl2Pg0KDQogICAgPGRpdiBjbGFzcz0iZmFjaWxpdHkiPjxpIGNsYXNzPSJmYSBmYS1icmllZmNhc2UgYW1lbml0eS1pY29uIiBhcmlhLWhpZGRlbj0idHJ1ZSI+PC9pPjxwPkNlbnRyZSBkJ2FmZmFpcmVzICZhbXA7IFLDqXVuaW9uczwvcD48L2Rpdj4NCiAgICA8ZGl2IGNsYXNzPSJmYWNpbGl0eSI+PGkgY2xhc3M9ImZhIGZhLWNvZmZlZSBhbWVuaXR5LWljb24iIGFyaWEtaGlkZGVuPSJ0cnVlIj48L2k+PHA+VGjDqS9DYWbDqSAmYW1wOyBNaW5pLWJhcjwvcD48L2Rpdj4NCiAgICA8ZGl2IGNsYXNzPSJmYWNpbGl0eSI+PGkgY2xhc3M9ImZhIGZhLXNub3dmbGFrZSBhbWVuaXR5LWljb24iIGFyaWEtaGlkZGVuPSJ0cnVlIj48L2k+PHA+Q2xpbWF0aXNhdGlvbiAmYW1wOyBDaGF1ZmZhZ2U8L3A+PC9kaXY+DQogICAgPGRpdiBjbGFzcz0iZmFjaWxpdHkiPjxpIGNsYXNzPSJmYSBmYS1iYWJ5IGFtZW5pdHktaWNvbiIgYXJpYS1oaWRkZW49InRydWUiPjwvaT48cD5HYXJkZSBkJ2VuZmFudHMgJmFtcDsgU2VydmljZXMgcG91ciBlbmZhbnRzPC9wPjwvZGl2Pg0KDQogICAgPGRpdiBjbGFzcz0iZmFjaWxpdHkiPjxpIGNsYXNzPSJmYSBmYS1jaGFpciBhbWVuaXR5LWljb24iIGFyaWEtaGlkZGVuPSJ0cnVlIj48L2k+PHA+UGF0aW8gJmFtcDsgVGVycmFzc2U8L3A+PC9kaXY+DQogICAgPGRpdiBjbGFzcz0iZmFjaWxpdHkiPjxpIGNsYXNzPSJmYSBmYS1iYXRoIGFtZW5pdHktaWNvbiIgYXJpYS1oaWRkZW49InRydWUiPjwvaT48cD5BcnRpY2xlcyBkZSB0b2lsZXR0ZSBncmF0dWl0cyAmYW1wOyBEcmVzc2luZzwvcD48L2Rpdj4NCiAgPC9kaXY+DQo8L3NlY3Rpb24+DQoNCjxzdHlsZT4NCiAgLmhvdGVsLWZhY2lsaXRpZXMgew0KICAgIG1heC13aWR0aDogMTEwMHB4Ow0KICAgIG1hcmdpbjogMCBhdXRvIDQwcHg7DQogIH0NCiAgLmhvdGVsLWZhY2lsaXRpZXMgaDIgew0KICAgIHRleHQtYWxpZ246IGNlbnRlcjsNCiAgICBtYXJnaW46IDAgMCA2cHg7DQogIH0NCiAgLmhmLXNlcCB7DQogICAgd2lkdGg6IDUwcHg7DQogICAgaGVpZ2h0OiAzcHg7DQogICAgYmFja2dyb3VuZDogI0I2Nzc0RDsNCiAgICBtYXJnaW46IDEwcHggYXV0byAzMHB4Ow0KICAgIGJvcmRlci1yYWRpdXM6IDJweDsNCiAgfQ0KICAuZmFjaWxpdGllcy1ncmlkIHsNCiAgICBkaXNwbGF5OiBncmlkOw0KICAgIGdyaWQtdGVtcGxhdGUtY29sdW1uczogcmVwZWF0KDIsIG1pbm1heCgwLCAxZnIpKTsNCiAgICBnYXA6IDI2cHggNjBweDsNCiAgfQ0KICAuZmFjaWxpdHkgew0KICAgIGRpc3BsYXk6IGdyaWQ7DQogICAgZ3JpZC10ZW1wbGF0ZS1jb2x1bW5zOiAyMnB4IDFmcjsNCiAgICBhbGlnbi1pdGVtczogY2VudGVyOw0KICAgIGNvbHVtbi1nYXA6IDEycHg7DQogIH0NCiAgLmFtZW5pdHktaWNvbiB7DQogICAgZm9udC1zaXplOiAyMHB4Ow0KICAgIGxpbmUtaGVpZ2h0OiAxOw0KICAgIGNvbG9yOiAjQjY3NzREOw0KICB9DQogIC5mYWNpbGl0eSBwIHsNCiAgICBtYXJnaW46IDA7DQogICAgZm9udC13ZWlnaHQ6IDYwMDsNCiAgfQ0KICBAbWVkaWEgKG1heC13aWR0aDogODIwcHgpIHsNCiAgICAuZmFjaWxpdGllcy1ncmlkIHsNCiAgICAgIGdyaWQtdGVtcGxhdGUtY29sdW1uczogMWZyOw0KICAgIH0NCiAgfQ0KPC9zdHlsZT4NCg==[\/vc_raw_html][\/vc_column][\/vc_row][vc_row][vc_column][vc_raw_html css=\u00a0\u00bb\u00a0\u00bb]PGEgaHJlZj0iaHR0cHM6Ly9kaXJlY3QtYm9vay5jb20vcHJvcGVydGllcy9yaWFkbG9yc3lhZGlyZWN0IiB0YXJnZXQ9Il9ibGFuayIgc3R5bGU9InBvc2l0aW9uOmZpeGVkO2JvdHRvbToyMHB4O3JpZ2h0OjIwcHg7YmFja2dyb3VuZDojQjY3NzREO2NvbG9yOiNmZmY7cGFkZGluZzoxNHB4IDIycHg7Zm9udC1zaXplOjE2cHg7Zm9udC1mYW1pbHk6QXJpYWw7Ym9yZGVyLXJhZGl1czo4cHg7dGV4dC1kZWNvcmF0aW9uOm5vbmU7Ym94LXNoYWRvdzowIDRweCAxMnB4IHJnYmEoMCwwLDAsMC4xNSk7ei1pbmRleDo5OTk5OyI+dsOpcmlmaWVyIGxhIGRpc3BvbmliaWxpdMOpPC9hPg0K[\/vc_raw_html][\/vc_column][\/vc_row]<\/p>\n<\/div>","protected":false},"excerpt":{"rendered":"<p>[vc_row][vc_column width=\u00a0\u00bb1\/2&Prime;][vc_single_image image=\u00a0\u00bb805&Prime; img_size=\u00a0\u00bbfull\u00a0\u00bb css=\u00a0\u00bb\u00a0\u00bb][\/vc_column][vc_column width=\u00a0\u00bb1\/2&Prime;][vc_column_text css=\u00a0\u00bb\u00a0\u00bb]Nich\u00e9 dans une ruelle calme de la m\u00e9dina, le Riad Lorsya allie parfaitement l&rsquo;\u00e9l\u00e9gance du d\u00e9cor marocain traditionnel au confort d&rsquo;un s\u00e9jour contemporain. Ses chambres authentiques, son patio apaisant et ses espaces de vie chaleureux invitent les h\u00f4tes \u00e0 se d\u00e9tendre apr\u00e8s une journ\u00e9e d&rsquo;exploration de Marrakech. Avec son<\/p>\n<a href=\"https:\/\/bestlifemorocco.com\/fr\/suite-samsara\/\" class=\"sohohotel-more-link\">En savoir plus<\/a>","protected":false},"author":1,"featured_media":806,"parent":0,"menu_order":0,"comment_status":"closed","ping_status":"closed","template":"","meta":{"footnotes":""},"class_list":["post-804","page","type-page","status-publish","has-post-thumbnail","hentry"],"aioseo_notices":[],"_links":{"self":[{"href":"https:\/\/bestlifemorocco.com\/fr\/wp-json\/wp\/v2\/pages\/804","targetHints":{"allow":["GET"]}}],"collection":[{"href":"https:\/\/bestlifemorocco.com\/fr\/wp-json\/wp\/v2\/pages"}],"about":[{"href":"https:\/\/bestlifemorocco.com\/fr\/wp-json\/wp\/v2\/types\/page"}],"author":[{"embeddable":true,"href":"https:\/\/bestlifemorocco.com\/fr\/wp-json\/wp\/v2\/users\/1"}],"replies":[{"embeddable":true,"href":"https:\/\/bestlifemorocco.com\/fr\/wp-json\/wp\/v2\/comments?post=804"}],"version-history":[{"count":5,"href":"https:\/\/bestlifemorocco.com\/fr\/wp-json\/wp\/v2\/pages\/804\/revisions"}],"predecessor-version":[{"id":852,"href":"https:\/\/bestlifemorocco.com\/fr\/wp-json\/wp\/v2\/pages\/804\/revisions\/852"}],"wp:featuredmedia":[{"embeddable":true,"href":"https:\/\/bestlifemorocco.com\/fr\/wp-json\/wp\/v2\/media\/806"}],"wp:attachment":[{"href":"https:\/\/bestlifemorocco.com\/fr\/wp-json\/wp\/v2\/media?parent=804"}],"curies":[{"name":"wp","href":"https:\/\/api.w.org\/{rel}","templated":true}]}}