{"id":797,"date":"2025-09-05T17:03:15","date_gmt":"2025-09-05T17:03:15","guid":{"rendered":"https:\/\/bestlifemorocco.com\/dar-zaya\/"},"modified":"2026-03-11T16:55:43","modified_gmt":"2026-03-11T16:55:43","slug":"dar-zaya","status":"publish","type":"page","link":"https:\/\/bestlifemorocco.com\/fr\/dar-zaya\/","title":{"rendered":"Dar Zaya"},"content":{"rendered":"<div class=\"wpb-content-wrapper\"><p>[vc_row][vc_column width=\u00a0\u00bb1\/2&Prime;][vc_single_image image=\u00a0\u00bb798&Prime; img_size=\u00a0\u00bbfull\u00a0\u00bb css=\u00a0\u00bb\u00a0\u00bb][\/vc_column][vc_column width=\u00a0\u00bb1\/2&Prime;]<h3 class=\"sohohotel-title-25px sohohotel-clearfix sohohotel-title-left\">Riad Dar Zaya \u2013 Authenticit\u00e9 et \u00e9l\u00e9gance au c\u0153ur de Marrakech<\/h3>[vc_column_text css=\u00a0\u00bb\u00a0\u00bb]Situ\u00e9 au c\u0153ur de la M\u00e9dina, le Riad Dar Zaya allie le charme traditionnel au confort moderne. Ses boiseries finement sculpt\u00e9es, ses carreaux de zellige raffin\u00e9s et son patio lumineux cr\u00e9ent une atmosph\u00e8re paisible et accueillante. Id\u00e9al pour se d\u00e9tendre apr\u00e8s une journ\u00e9e dans les souks anim\u00e9s, le riad offre un cadre intime o\u00f9 l&rsquo;hospitalit\u00e9 marocaine et l&rsquo;authenticit\u00e9 se rencontrent pour un s\u00e9jour inoubliable \u00e0 Marrakech.[\/vc_column_text]<a href=\"https:\/\/direct-book.com\/properties\/riaddarzayadirect\" class=\"sohohotel-button1\" style=\"background: #B6774D;color:#FFFFFF;margin: 0;\">R\u00e9server maintenant<\/a><div class=\"sohohotel-clearboth\"><\/div>[\/vc_column][\/vc_row][vc_row css=\u00a0\u00bb.vc_custom_1757426324334{margin-top: 0px !important;margin-right: 0px !important;margin-left: 0px !important;border-top-width: 0px !important;border-right-width: 0px !important;border-bottom-width: 0px !important;border-left-width: 0px !important;padding-top: 0px !important;padding-right: 0px !important;padding-bottom: 0px !important;padding-left: 0px !important;}\u00a0\u00bb el_id=\u00a0\u00bbbookzaya\u00a0\u00bb][vc_column css=\u00a0\u00bb.vc_custom_1627553414681{margin-top: 0px !important;margin-right: 0px !important;margin-bottom: 0px !important;margin-left: 0px !important;border-top-width: 0px !important;border-right-width: 0px !important;border-bottom-width: 0px !important;border-left-width: 0px !important;padding-top: 0px !important;padding-right: 0px !important;padding-bottom: 0px !important;padding-left: 0px !important;}\u00a0\u00bb][vc_separator color=\u00a0\u00bbcustom\u00a0\u00bb accent_color=\u00a0\u00bb#dedede\u00a0\u00bb]\t\t\n\t\t\t\t\n\t\t\t<!-- BEGIN .shb-accommodation-listing-filter-sorting -->\n\t\t\t<div class=\"shb-accommodation-listing-filter-sorting shb-clearfix\">\n\t\t\t\n\t\t\t\t\t\t\t\n\t\t\t\t<div class=\"shb-accommodation-listing-filter shb-clearfix\">\n\t\t\t\t\t<p>Filtrer par:<\/p>\n\t\t\t\t\t<ul>\n\t\t\t\t\t\t<li class=\"shb-filter-current\"><a href=\"https:\/\/bestlifemorocco.com\/fr\/wp-json\/wp\/v2\/pages\/797\/?shb-orderby=2\">Toute<\/a><\/li><li class=\"\"><a href=\"https:\/\/bestlifemorocco.com\/fr\/wp-json\/wp\/v2\/pages\/797\/?shb-orderby=2&shb-accommodation-type=rooms\">Rooms<\/a><\/li><li class=\"\"><a href=\"https:\/\/bestlifemorocco.com\/fr\/wp-json\/wp\/v2\/pages\/797\/?shb-orderby=2&shb-accommodation-type=suites\">Suites<\/a><\/li>\t\t\t\t\t<\/ul>\n\t\t\t\t<\/div>\n\t\t\t\n\t\t\t\t\t\t\t\n\t\t\t\t\t\t\t\n\t\t\t\t<div class=\"shb-accommodation-listing-sorting shb-clearfix\">\n\t\t\t\t\t<select>\n\t\t\t\t\t\t<option value=\"https:\/\/bestlifemorocco.com\/fr\/wp-json\/wp\/v2\/pages\/797\/?shb-accommodation-type=0\" selected>Tri par d\u00e9faut<\/option><option value=\"https:\/\/bestlifemorocco.com\/fr\/wp-json\/wp\/v2\/pages\/797\/?shb-accommodation-type=0&shb-orderby=1\" >Prix \u200b\u200bcroissant<\/option><option value=\"https:\/\/bestlifemorocco.com\/fr\/wp-json\/wp\/v2\/pages\/797\/?shb-accommodation-type=0&shb-orderby=2\" >Prix d\u00e9croissant<\/option>\t\t\t\t\t<\/select>\n\t\t\t\t\t<i class=\"fas fa-chevron-down\"><\/i>\n\t\t\t\t<\/div>\n\t\t\t\n\t\t\t\t\t\n\t\t\t<!-- END .shb-accommodation-listing-filter-sorting -->\n\t\t\t<\/div>\n\t\t\n\t\t\t\t\n\t\t<!-- BEGIN .shb-accommodation-listing-style-2 -->\n\t\t<div class=\"shb-accommodation-listing-style-2 shb-accommodation-listing-style-2-columns-3\">\n\t\t\t\n\t\t\t\t\n\t\t\t<!-- BEGIN .shb-accommodation-listing-item -->\n\t\t\t<div class=\"shb-accommodation-listing-item\">\n\t\t\t\t\n\t\t\t\t<div class=\"shb-accommodation-listing-image\">\n\t\t\t\t\t\n\t\t\t\t\t<a href=\"https:\/\/bestlifemorocco.com\/fr\/suite-sakina\/\" rel=\"bookmark\" class=\"shb-accommodation-listing-button1\">From 450MAD \/ Night<\/a>\n\t\t\t\t\t\n\t\t\t\t\t\t\t\t\t\t\t\t\t\t\t<a href=\"https:\/\/bestlifemorocco.com\/fr\/suite-sakina\/\" rel=\"bookmark\">\n\t\t\t\t\t\t<img decoding=\"async\" src=\"https:\/\/bestlifemorocco.com\/wp-content\/uploads\/2025\/09\/DSC_0378-HDR-1180x710.webp\" alt=\"Suite Sakina\" \/>\t\t\t\t\t<\/a>\n\t\t\t\t\t\t\t\t\t\t\n\t\t\t\t<\/div>\n\t\t\t\t\n\t\t\t\t<div class=\"shb-accommodation-listing-description-wrapper\">\n\t\t\t\t\n\t\t\t\t\t<h3><a href=\"https:\/\/bestlifemorocco.com\/fr\/suite-sakina\/\" rel=\"bookmark\" title=\"Suite Sakina\">Suite Sakina<\/a><\/h3>\n\t\t\t\t\n\t\t\t\t\t<div class=\"shb-accommodation-listing-description shb-clearfix\">\n\t\t\t\t\t\n\t\t\t\t\t\t<ul>\r\n<li><i class=\"fas fa-user\"><\/i><span>Capacity:<\/span> 2 Adults<\/li>\r\n<li><i class=\"fas fa-ruler-combined\"><\/i><span>Size:<\/span> 35sqm<\/li>\r\n<li><i class=\"fas fa-binoculars\"><\/i><span>View:<\/span> Riad<\/li>\r\n<\/ul>\t\t\t\t\t\n\t\t\t\t\t<\/div>\n\t\t\t\t\n\t\t\t\t<\/div>\n\t\t\t\t\n\t\t\t<!-- END .shb-accommodation-listing-item -->\n\t\t\t<\/div>\n\t\t\n\t\t\t\t\n\t\t\t<!-- BEGIN .shb-accommodation-listing-item -->\n\t\t\t<div class=\"shb-accommodation-listing-item\">\n\t\t\t\t\n\t\t\t\t<div class=\"shb-accommodation-listing-image\">\n\t\t\t\t\t\n\t\t\t\t\t<a href=\"https:\/\/bestlifemorocco.com\/fr\/suite-samia\/\" rel=\"bookmark\" class=\"shb-accommodation-listing-button1\">From 1,564MAD \/ Night<\/a>\n\t\t\t\t\t\n\t\t\t\t\t\t\t\t\t\t\t\t\t\t\t<a href=\"https:\/\/bestlifemorocco.com\/fr\/suite-samia\/\" rel=\"bookmark\">\n\t\t\t\t\t\t<img decoding=\"async\" src=\"https:\/\/bestlifemorocco.com\/wp-content\/uploads\/2025\/09\/DSC_0357-HDR-1180x710.webp\" alt=\"Suite Samia\" \/>\t\t\t\t\t<\/a>\n\t\t\t\t\t\t\t\t\t\t\n\t\t\t\t<\/div>\n\t\t\t\t\n\t\t\t\t<div class=\"shb-accommodation-listing-description-wrapper\">\n\t\t\t\t\n\t\t\t\t\t<h3><a href=\"https:\/\/bestlifemorocco.com\/fr\/suite-samia\/\" rel=\"bookmark\" title=\"Suite Samia\">Suite Samia<\/a><\/h3>\n\t\t\t\t\n\t\t\t\t\t<div class=\"shb-accommodation-listing-description shb-clearfix\">\n\t\t\t\t\t\n\t\t\t\t\t\t<ul>\r\n<li><i class=\"fas fa-user\"><\/i><span>Capacity:<\/span> 2 Adults<\/li>\r\n<li><i class=\"fas fa-ruler-combined\"><\/i><span>Size:<\/span> 35sqm<\/li>\r\n<li><i class=\"fas fa-binoculars\"><\/i><span>View:<\/span> Riad<\/li>\r\n<\/ul>\t\t\t\t\t\n\t\t\t\t\t<\/div>\n\t\t\t\t\n\t\t\t\t<\/div>\n\t\t\t\t\n\t\t\t<!-- END .shb-accommodation-listing-item -->\n\t\t\t<\/div>\n\t\t\n\t\t\t\t\n\t\t\t<!-- BEGIN .shb-accommodation-listing-item -->\n\t\t\t<div class=\"shb-accommodation-listing-item\">\n\t\t\t\t\n\t\t\t\t<div class=\"shb-accommodation-listing-image\">\n\t\t\t\t\t\n\t\t\t\t\t<a href=\"https:\/\/bestlifemorocco.com\/fr\/suite-saida\/\" rel=\"bookmark\" class=\"shb-accommodation-listing-button1\">From 1,564MAD \/ Night<\/a>\n\t\t\t\t\t\n\t\t\t\t\t\t\t\t\t\t\t\t\t\t\t<a href=\"https:\/\/bestlifemorocco.com\/fr\/suite-saida\/\" rel=\"bookmark\">\n\t\t\t\t\t\t<img decoding=\"async\" src=\"https:\/\/bestlifemorocco.com\/wp-content\/uploads\/2025\/09\/DSC_0320-HDR-1180x710.webp\" alt=\"Suite Saida\" \/>\t\t\t\t\t<\/a>\n\t\t\t\t\t\t\t\t\t\t\n\t\t\t\t<\/div>\n\t\t\t\t\n\t\t\t\t<div class=\"shb-accommodation-listing-description-wrapper\">\n\t\t\t\t\n\t\t\t\t\t<h3><a href=\"https:\/\/bestlifemorocco.com\/fr\/suite-saida\/\" rel=\"bookmark\" title=\"Suite Saida\">Suite Saida<\/a><\/h3>\n\t\t\t\t\n\t\t\t\t\t<div class=\"shb-accommodation-listing-description shb-clearfix\">\n\t\t\t\t\t\n\t\t\t\t\t\t<ul>\r\n<li><i class=\"fas fa-user\"><\/i><span>Capacity:<\/span> 2 Adults<\/li>\r\n<li><i class=\"fas fa-ruler-combined\"><\/i><span>Size:<\/span> 35sqm<\/li>\r\n<li><i class=\"fas fa-binoculars\"><\/i><span>View:<\/span> Riad<\/li>\r\n<\/ul>\t\t\t\t\t\n\t\t\t\t\t<\/div>\n\t\t\t\t\n\t\t\t\t<\/div>\n\t\t\t\t\n\t\t\t<!-- END .shb-accommodation-listing-item -->\n\t\t\t<\/div>\n\t\t\n\t\t\t\t\t\n\t\t<!-- END .shb-accommodation-listing-style-2 -->\n\t\t<\/div>\n\t\n\t\t\n\t\t\t\n\t\t<div class=\"shb-clearboth\"><\/div>\n\t\t<div class=\"shb-accommodation-listing-2-pagination\">\n\t\t\t\t<\/div>\n\t\t\n\t\t\n\t[\/vc_column][\/vc_row][vc_row][vc_column][vc_raw_html css=\u00a0\u00bb\u00a0\u00bb]PHNlY3Rpb24gY2xhc3M9ImhvdGVsLWZhY2lsaXRpZXMiPg0KICA8aDI+w4lxdWlwZW1lbnRzIGR1IFJpYWQ8L2gyPg0KICA8ZGl2IGNsYXNzPSJoZi1zZXAiPjwvZGl2Pg0KDQogIDxkaXYgY2xhc3M9ImZhY2lsaXRpZXMtZ3JpZCI+DQogICAgPGRpdiBjbGFzcz0iZmFjaWxpdHkiPjxpIGNsYXNzPSJmYSBmYS1zd2ltbWluZy1wb29sIGFtZW5pdHktaWNvbiIgYXJpYS1oaWRkZW49InRydWUiPjwvaT48cD5QaXNjaW5lIGludMOpcmlldXJlPC9wPjwvZGl2Pg0KICAgIDxkaXYgY2xhc3M9ImZhY2lsaXR5Ij48aSBjbGFzcz0iZmEgZmEtdW1icmVsbGEtYmVhY2ggYW1lbml0eS1pY29uIiBhcmlhLWhpZGRlbj0idHJ1ZSI+PC9pPjxwPlRlcnJhc3NlIGVuc29sZWlsbMOpZSBldCBqYXJkaW48L3A+PC9kaXY+DQogICAgPGRpdiBjbGFzcz0iZmFjaWxpdHkiPjxpIGNsYXNzPSJmYSBmYS13aWZpIGFtZW5pdHktaWNvbiIgYXJpYS1oaWRkZW49InRydWUiPjwvaT48cD5XaS1GaSBncmF0dWl0IHBhcnRvdXQ8L3A+PC9kaXY+DQogICAgPGRpdiBjbGFzcz0iZmFjaWxpdHkiPjxpIGNsYXNzPSJmYSBmYS11dGVuc2lscyBhbWVuaXR5LWljb24iIGFyaWEtaGlkZGVuPSJ0cnVlIj48L2k+PHA+UmVzdGF1cmFudCBldCBtaW5pYmFyPC9wPjwvZGl2Pg0KDQogICAgPGRpdiBjbGFzcz0iZmFjaWxpdHkiPjxpIGNsYXNzPSJmYSBmYS1jb2ZmZWUgYW1lbml0eS1pY29uIiBhcmlhLWhpZGRlbj0idHJ1ZSI+PC9pPjxwPkNhZsOpIGV0IGJvdWlsbG9pcmU8L3A+PC9kaXY+DQogICAgPGRpdiBjbGFzcz0iZmFjaWxpdHkiPjxpIGNsYXNzPSJmYSBmYS1iaWN5Y2xlIGFtZW5pdHktaWNvbiIgYXJpYS1oaWRkZW49InRydWUiPjwvaT48cD5WaXNpdGVzIMOgIHbDqWxvIGV0IMOgIHBpZWQ8L3A+PC9kaXY+DQogICAgPGRpdiBjbGFzcz0iZmFjaWxpdHkiPjxpIGNsYXNzPSJmYSBmYS1oYW5kcy1oZWxwaW5nIGFtZW5pdHktaWNvbiIgYXJpYS1oaWRkZW49InRydWUiPjwvaT48cD5Db3VycyBkZSBjdWlzaW5lIGV0IGTDrm5lcnM8L3A+PC9kaXY+DQogICAgPGRpdiBjbGFzcz0iZmFjaWxpdHkiPjxpIGNsYXNzPSJmYSBmYS1zcGEgYW1lbml0eS1pY29uIiBhcmlhLWhpZGRlbj0idHJ1ZSI+PC9pPjxwPk1hc3NhZ2VzIGV0IGJpZW4tw6p0cmU8L3A+PC9kaXY+DQoNCiAgICA8ZGl2IGNsYXNzPSJmYWNpbGl0eSI+PGkgY2xhc3M9ImZhIGZhLWNhciBhbWVuaXR5LWljb24iIGFyaWEtaGlkZGVuPSJ0cnVlIj48L2k+PHA+TmF2ZXR0ZSBhw6lyb3BvcnQgZXQgbG9jYXRpb24gZGUgdm9pdHVyZTwvcD48L2Rpdj4NCiAgICA8ZGl2IGNsYXNzPSJmYWNpbGl0eSI+PGkgY2xhc3M9ImZhIGZhLWNvbmNpZXJnZS1iZWxsIGFtZW5pdHktaWNvbiIgYXJpYS1oaWRkZW49InRydWUiPjwvaT48cD5Db25jaWVyZ2VyaWUgZXQgYnVyZWF1IGQnZXhjdXJzaW9ucyAyNGgvMjQ8L3A+PC9kaXY+DQogICAgPGRpdiBjbGFzcz0iZmFjaWxpdHkiPjxpIGNsYXNzPSJmYSBmYS1iYWJ5IGFtZW5pdHktaWNvbiIgYXJpYS1oaWRkZW49InRydWUiPjwvaT48cD5HYXJkZSBkJ2VuZmFudHM8L3A+PC9kaXY+DQogICAgPGRpdiBjbGFzcz0iZmFjaWxpdHkiPjxpIGNsYXNzPSJmYSBmYS1zb2FwIGFtZW5pdHktaWNvbiIgYXJpYS1oaWRkZW49InRydWUiPjwvaT48cD5TZXJ2aWNlIGRlIGJsYW5jaGlzc2VyaWUgZXQgZGUgbmV0dG95YWdlPC9wPjwvZGl2Pg0KDQogICAgPGRpdiBjbGFzcz0iZmFjaWxpdHkiPjxpIGNsYXNzPSJmYSBmYS1sb2NrIGFtZW5pdHktaWNvbiIgYXJpYS1oaWRkZW49InRydWUiPjwvaT48cD5Db2ZmcmUtZm9ydDwvcD48L2Rpdj4NCiAgICA8ZGl2IGNsYXNzPSJmYWNpbGl0eSI+PGkgY2xhc3M9ImZhIGZhLXNub3dmbGFrZSBhbWVuaXR5LWljb24iIGFyaWEtaGlkZGVuPSJ0cnVlIj48L2k+PHA+Q2hhbWJyZXMgZmFtaWxpYWxlcyBjbGltYXRpc8OpZXM8L3A+PC9kaXY+DQogIDwvZGl2Pg0KPC9zZWN0aW9uPg0KDQo8c3R5bGU+DQogIC5ob3RlbC1mYWNpbGl0aWVzIHsNCiAgICBtYXgtd2lkdGg6IDExMDBweDsNCiAgICBtYXJnaW46IDAgYXV0byA0MHB4Ow0KICB9DQogIC5ob3RlbC1mYWNpbGl0aWVzIGgyIHsNCiAgICB0ZXh0LWFsaWduOiBjZW50ZXI7DQogICAgbWFyZ2luOiAwIDAgNnB4Ow0KICB9DQogIC5oZi1zZXAgew0KICAgIHdpZHRoOiA1MHB4Ow0KICAgIGhlaWdodDogM3B4Ow0KICAgIGJhY2tncm91bmQ6ICNCNjc3NEQ7DQogICAgbWFyZ2luOiAxMHB4IGF1dG8gMzBweDsNCiAgICBib3JkZXItcmFkaXVzOiAycHg7DQogIH0NCiAgLmZhY2lsaXRpZXMtZ3JpZCB7DQogICAgZGlzcGxheTogZ3JpZDsNCiAgICBncmlkLXRlbXBsYXRlLWNvbHVtbnM6IHJlcGVhdCgyLCBtaW5tYXgoMCwgMWZyKSk7DQogICAgZ2FwOiAyNnB4IDYwcHg7DQogIH0NCiAgLmZhY2lsaXR5IHsNCiAgICBkaXNwbGF5OiBncmlkOw0KICAgIGdyaWQtdGVtcGxhdGUtY29sdW1uczogMjJweCAxZnI7DQogICAgYWxpZ24taXRlbXM6IGNlbnRlcjsNCiAgICBjb2x1bW4tZ2FwOiAxMnB4Ow0KICB9DQogIC5hbWVuaXR5LWljb24gew0KICAgIGZvbnQtc2l6ZTogMjBweDsNCiAgICBsaW5lLWhlaWdodDogMTsNCiAgICBjb2xvcjogI0I2Nzc0RDsNCiAgfQ0KICAuZmFjaWxpdHkgcCB7DQogICAgbWFyZ2luOiAwOw0KICAgIGZvbnQtd2VpZ2h0OiA2MDA7IC8qIHZpc3VhbGx5IHNpbWlsYXIgdG8gaGVhZGluZyAqLw0KICB9DQogIEBtZWRpYSAobWF4LXdpZHRoOiA4MjBweCkgew0KICAgIC5mYWNpbGl0aWVzLWdyaWQgew0KICAgICAgZ3JpZC10ZW1wbGF0ZS1jb2x1bW5zOiAxZnI7DQogICAgfQ0KICB9DQo8L3N0eWxlPg0K[\/vc_raw_html][\/vc_column][\/vc_row][vc_row][vc_column][vc_raw_html css=\u00a0\u00bb\u00a0\u00bb]PGEgaHJlZj0iaHR0cHM6Ly9kaXJlY3QtYm9vay5jb20vcHJvcGVydGllcy9yaWFkZGFyemF5YWRpcmVjdCIgdGFyZ2V0PSJfYmxhbmsiIHN0eWxlPSJwb3NpdGlvbjpmaXhlZDtib3R0b206MjBweDtyaWdodDoyMHB4O2JhY2tncm91bmQ6I0I2Nzc0RDtjb2xvcjojZmZmO3BhZGRpbmc6MTRweCAyMnB4O2ZvbnQtc2l6ZToxNnB4O2ZvbnQtZmFtaWx5OkFyaWFsO2JvcmRlci1yYWRpdXM6OHB4O3RleHQtZGVjb3JhdGlvbjpub25lO2JveC1zaGFkb3c6MCA0cHggMTJweCByZ2JhKDAsMCwwLDAuMTUpO3otaW5kZXg6OTk5OTsiPnbDqXJpZmllciBsYSBkaXNwb25pYmlsaXTDqTwvYT4NCg==[\/vc_raw_html][\/vc_column][\/vc_row]<\/p>\n<\/div>","protected":false},"excerpt":{"rendered":"<p>[vc_row][vc_column width=\u00a0\u00bb1\/2&Prime;][vc_single_image image=\u00a0\u00bb798&Prime; img_size=\u00a0\u00bbfull\u00a0\u00bb css=\u00a0\u00bb\u00a0\u00bb][\/vc_column][vc_column width=\u00a0\u00bb1\/2&Prime;][vc_column_text css=\u00a0\u00bb\u00a0\u00bb]Situ\u00e9 au c\u0153ur de la M\u00e9dina, le Riad Dar Zaya allie le charme traditionnel au confort moderne. Ses boiseries finement sculpt\u00e9es, ses carreaux de zellige raffin\u00e9s et son patio lumineux cr\u00e9ent une atmosph\u00e8re paisible et accueillante. Id\u00e9al pour se d\u00e9tendre apr\u00e8s une journ\u00e9e dans les souks anim\u00e9s, le riad<\/p>\n<a href=\"https:\/\/bestlifemorocco.com\/fr\/suite-saida\/\" class=\"sohohotel-more-link\">En savoir plus<\/a>","protected":false},"author":1,"featured_media":801,"parent":0,"menu_order":0,"comment_status":"closed","ping_status":"closed","template":"","meta":{"footnotes":""},"class_list":["post-797","page","type-page","status-publish","has-post-thumbnail","hentry"],"aioseo_notices":[],"_links":{"self":[{"href":"https:\/\/bestlifemorocco.com\/fr\/wp-json\/wp\/v2\/pages\/797","targetHints":{"allow":["GET"]}}],"collection":[{"href":"https:\/\/bestlifemorocco.com\/fr\/wp-json\/wp\/v2\/pages"}],"about":[{"href":"https:\/\/bestlifemorocco.com\/fr\/wp-json\/wp\/v2\/types\/page"}],"author":[{"embeddable":true,"href":"https:\/\/bestlifemorocco.com\/fr\/wp-json\/wp\/v2\/users\/1"}],"replies":[{"embeddable":true,"href":"https:\/\/bestlifemorocco.com\/fr\/wp-json\/wp\/v2\/comments?post=797"}],"version-history":[{"count":5,"href":"https:\/\/bestlifemorocco.com\/fr\/wp-json\/wp\/v2\/pages\/797\/revisions"}],"predecessor-version":[{"id":854,"href":"https:\/\/bestlifemorocco.com\/fr\/wp-json\/wp\/v2\/pages\/797\/revisions\/854"}],"wp:featuredmedia":[{"embeddable":true,"href":"https:\/\/bestlifemorocco.com\/fr\/wp-json\/wp\/v2\/media\/801"}],"wp:attachment":[{"href":"https:\/\/bestlifemorocco.com\/fr\/wp-json\/wp\/v2\/media?parent=797"}],"curies":[{"name":"wp","href":"https:\/\/api.w.org\/{rel}","templated":true}]}}